{"id":8061,"date":"2025-09-20T00:11:32","date_gmt":"2025-09-19T22:11:32","guid":{"rendered":"https:\/\/agrarpetrovic.rs\/proizvod\/switch-62-5-wg-80g-fungicid\/"},"modified":"2025-10-23T11:56:39","modified_gmt":"2025-10-23T09:56:39","slug":"switch-62-5-wg-80-gr-fungicid","status":"publish","type":"product","link":"https:\/\/agrarpetrovic.rs\/en\/proizvod\/switch-62-5-wg-80-gr-fungicid\/","title":{"rendered":"Switch 62.5 WG 80 gr &#8211; fungicid"},"content":{"rendered":"<div class=\"product-harvest\">\n<p class=\"detail\">Primena:<\/p>\n<table>\n<thead>\n<tr class=\"bg-5\">\n<th>USEV \/ ZASAD<\/th>\n<th>KOLI\u010cINA PRIMENE<\/th>\n<th>VREME PRIMENE<\/th>\n<\/tr>\n<\/thead>\n<tbody>\n<tr class=\"bg-sec-5\">\n<td class=\"bg-5\"><a href=\"https:\/\/www.agromarketsrbija.rs\/srb\/zastita-bilja\/programi-zastite\/1022\/Breskva-i-nektarina\">JABUKA, BRESKVA<\/a><\/td>\n<td>0,8-1,0<\/td>\n<td>Tretiranje pre berbe, a najkasnije 3 dana pre berbe jabuka, a 14 dana pre berbe breskve<\/td>\n<\/tr>\n<tr class=\"bg-sec-5\">\n<td class=\"bg-5\"><a href=\"https:\/\/www.agromarketsrbija.rs\/srb\/zastita-bilja\/programi-zastite\/1011\/Krastavac-Lubenica-Dinja-Tikva\">KRASTAVAC<\/a><\/td>\n<td>0,8-1,0<\/td>\n<td>Tretiranje u vreme povoljnim za pojavu &#8211; cvetanje, precvetavanje i formiranje plodova ili po preporuci PIS<\/td>\n<\/tr>\n<tr class=\"bg-sec-5\">\n<td class=\"bg-5\"><a href=\"https:\/\/www.agromarketsrbija.rs\/srb\/zastita-bilja\/programi-zastite\/1025\/Malina\">MALINA, KUPINA<\/a><\/td>\n<td>0,8<\/td>\n<td>Neposredno pred i tokom cvetanja<\/td>\n<\/tr>\n<tr class=\"bg-sec-5\">\n<td class=\"bg-5\"><a href=\"https:\/\/www.agromarketsrbija.rs\/srb\/zastita-bilja\/programi-zastite\/1010\/Paradajz-i-plavi-patlidzan\">PARADAJZ<\/a><\/td>\n<td>0,6-0,8<\/td>\n<td>Tretiranje u vreme povoljnim za pojavu &#8211; cvetanje, precvetavanje i formiranje plodova ili po preporuci PIS<\/td>\n<\/tr>\n<tr class=\"bg-sec-5\">\n<td class=\"bg-5\"><a href=\"https:\/\/www.agromarketsrbija.rs\/srb\/zastita-bilja\/programi-zastite\/1020\/Vinova-loza\">VINOVA LOZA<\/a><\/td>\n<td>0,6-0,8<\/td>\n<td>Od faze precvetavanja do pojave \u0161arka<\/td>\n<\/tr>\n<\/tbody>\n<\/table>\n<\/div>\n<div class=\"product-info\">\n<p><strong>DELOVANJE:<\/strong><\/p>\n<p>kombinacija dve aktivne materije,\u00a0<em>Fludioksonil\u00a0<\/em>je nesistemik, deluje preventivno, a ograni\u010deno i kurativno. Prevashodno inhibira klijanje spora, a u manjem stepenu klijanje klicine cevi i micelije. Inhibira fosforilaciju glukoze kod gljiva. Ima dugo rezidualno delovanje. Aktivna materija\u00a0<em>Ciprodinil\u00a0<\/em>pripada grupi Anilinopirimidina. Lokalsistemik je. Deluje preventivno i kurativno. Zaustavlja porast micelije i njeno prodiranje u biljno tkivo. Inhibira sintezu metionina i lu\u010denje hidroliti\u010dkih enzima gljive.<\/p>\n<p><strong>SPEKTAR DELOVANJA:<\/strong><\/p>\n<p>Prouzrokova\u010d sive trule\u017ei (<em>Botrytis cinerea<\/em>) vinove loze, maline, kupine, paradajza i krastavca, prouzrokova\u010da propadanja (trule\u017ei) plodova jabuke i breskve tokom \u010duvanja plodova u skladi\u0161tu &#8211; siva trule\u017e (<em>Botrytis cinerea<\/em>), prouzrokova\u010d trule\u017ei ploda (<em>Monilinia<\/em>\u00a0<em>spp.<\/em>), prouzrokova\u010d antraknoze (<em>Colletotrichum spp<\/em>.),\u00a0<em>Mucor spp<\/em>. i\u00a0<em>Aspergillus spp<\/em>.<\/p>\n<p><strong>PREPORUKE I NAPOMENE<\/strong><\/p>\n<p><strong>ovaj fungicid obezbe<\/strong><strong>\u0111<\/strong><strong>uje pouzdanu za<\/strong><strong>\u0161<\/strong><strong>titu od sive trule<\/strong><strong>\u017e<\/strong><strong>i i u najte<\/strong><strong>\u017e<\/strong><strong>im uslovima.\u00a0<\/strong>Preparat ima dugo rezidualno delovanje. Preparat deluje i na ni\u017eim temperaturama, iznad 5\u00b0C obezbeduje neophodnu za\u0161titu i u ranim fazama. Deluje i kurativno u roku od 48 h od nastanka infekcije.<\/p>\n<\/div>","protected":false},"excerpt":{"rendered":"<p class=\"detail\"><strong>Klasa:<\/strong>\u00a0<span class=\"klasa\">Fungicidi<\/span><\/p>\n<p class=\"detail\"><strong>Aktivna materija:<\/strong>\u00a0<span class=\"aktivna-materija\">Fludioksonil 250g\/kg +Ciprodinil 375g\/kg<\/span><\/p>\n<p class=\"detail\"><strong>Formulacija:<\/strong>\u00a0<span class=\"formulacija\">WG vodorastvorljive granule<\/span><\/p>\n<p class=\"detail\"><strong>Proizvo\u0111a\u010d:<\/strong>\u00a0<span class=\"proizvo\u0111a\u010d\">Syngenta<\/span><\/p>\n<p class=\"detail\"><strong>Karenca:<\/strong>\u00a0<span class=\"karenca\">3 dana &#8211; paradajz, krastavac, jabuka; 7 dana &#8211; malina i kupina; 14 dana &#8211; breskva; 28 dana &#8211; vinova loza<\/span><\/p>\n<p class=\"detail\"><strong>MBT:<\/strong>\u00a0<span class=\"mbt\">3<\/span><\/p>","protected":false},"featured_media":8140,"template":"","meta":[],"product_brand":[531],"product_cat":[415],"product_tag":[780],"class_list":{"0":"post-8061","1":"product","2":"type-product","3":"status-publish","4":"has-post-thumbnail","6":"product_brand-sygenta","7":"product_cat-fungicidi-2","8":"product_tag-fludioksonil-250g-kg-ciprodinil-375g-kg","10":"first","11":"outofstock","12":"product-type-simple"},"_links":{"self":[{"href":"https:\/\/agrarpetrovic.rs\/en\/wp-json\/wp\/v2\/product\/8061","targetHints":{"allow":["GET"]}}],"collection":[{"href":"https:\/\/agrarpetrovic.rs\/en\/wp-json\/wp\/v2\/product"}],"about":[{"href":"https:\/\/agrarpetrovic.rs\/en\/wp-json\/wp\/v2\/types\/product"}],"wp:featuredmedia":[{"embeddable":true,"href":"https:\/\/agrarpetrovic.rs\/en\/wp-json\/wp\/v2\/media\/8140"}],"wp:attachment":[{"href":"https:\/\/agrarpetrovic.rs\/en\/wp-json\/wp\/v2\/media?parent=8061"}],"wp:term":[{"taxonomy":"product_brand","embeddable":true,"href":"https:\/\/agrarpetrovic.rs\/en\/wp-json\/wp\/v2\/product_brand?post=8061"},{"taxonomy":"product_cat","embeddable":true,"href":"https:\/\/agrarpetrovic.rs\/en\/wp-json\/wp\/v2\/product_cat?post=8061"},{"taxonomy":"product_tag","embeddable":true,"href":"https:\/\/agrarpetrovic.rs\/en\/wp-json\/wp\/v2\/product_tag?post=8061"}],"curies":[{"name":"wp","href":"https:\/\/api.w.org\/{rel}","templated":true}]}}