{"id":8062,"date":"2025-09-20T00:11:32","date_gmt":"2025-09-19T22:11:32","guid":{"rendered":"https:\/\/agrarpetrovic.rs\/proizvod\/syllit-400-sc-250ml-fungicid\/"},"modified":"2025-10-23T11:56:39","modified_gmt":"2025-10-23T09:56:39","slug":"syllit-400-sc-250-ml-fungicid","status":"publish","type":"product","link":"https:\/\/agrarpetrovic.rs\/en\/proizvod\/syllit-400-sc-250-ml-fungicid\/","title":{"rendered":"Syllit 400-SC 250 ml &#8211; fungicid"},"content":{"rendered":"<div class=\"product-harvest\">\n<p class=\"detail\">Primena:<\/p>\n<table>\n<thead>\n<tr class=\"bg-5\">\n<th>USEV \/ ZASAD<\/th>\n<th>KOLI\u010cINA PRIMENE<\/th>\n<th>VREME PRIMENE<\/th>\n<\/tr>\n<\/thead>\n<tbody>\n<tr class=\"bg-sec-5\">\n<td class=\"bg-5\"><a href=\"https:\/\/www.agromarket.rs\/srb\/zastita-bilja\/programi-zastite\/1022\/Breskva-i-nektarina\">Breskva i nektarina<\/a><\/td>\n<td>0.15-0.25 %<\/td>\n<td>I tretman u fazi opadanja li\u0161\u0107a; II tretman u fazi pucanja pupoljka; III tretman kraj cvetanja &#8211; precvetavanje<\/td>\n<\/tr>\n<tr class=\"bg-sec-5\">\n<td class=\"bg-5\"><a href=\"https:\/\/www.agromarket.rs\/srb\/zastita-bilja\/programi-zastite\/1018\/Jabuka\">Jabuka<\/a><\/td>\n<td>0,15% (15 ml u 10 l vode)<\/td>\n<td>I tretman u fazi kada su zeleni listi\u0107i 5 mm iznad lju\u0161ture pupoljka (faza 09 BBCH-skale) II tretman u fazi crvenih pupoljka (faza 57 BBCH-skale) III tretman kada je veli\u010dina ploda oko 20 mm (faza 72 BBCH-skale)<\/td>\n<\/tr>\n<\/tbody>\n<\/table>\n<\/div>\n<div class=\"product-info\">\n<p><strong>DELOVANJE:<\/strong><\/p>\n<p>Syllit 400-SC pripada grupi guanidina deluje preventivno, spre\u010dava klijanje\u00a0spora fitopatogenih gljiva. Poseduje i izvesno kurativno delovanje na porast klicine cevi, ako\u00a0se primeni 48 sati nakon infekcije.<\/p>\n<p><strong>SPEKTAR DELOVANJA:<\/strong><\/p>\n<p>Prouzrokova\u010d kovrd\u017eavosti li\u0161ca <em>(Taphrina deformans)<\/em>, prouzrokova\u010d\u00a0\u010da\u0111ave pegavosti lista i krastavosti plodova <em>(Venturia inaequalis).<\/em><\/p>\n<p><strong><span class=\"podnaslovPoglavljaZS\">PREPORUKE I NAPOMENE:<\/span><\/strong><\/p>\n<p class=\"text-left\">Ni\u017ee koncentracije se koriste za preventivna, a vi\u0161a za kurativna tretiranja. Ima dobru lepljivost i otporan na spiranje ki\u0161om. Utro\u0161ak vode 1000 litara po hektaru. Mo\u017ee biti fitotoksi\u010dan, ako u precvetavanju do\u0111e do pada temperature ispod 5\u00a0<sup>\u00a0<\/sup>\u00a0C nakon tretiranja. Nema rezistencije, jer je specifi\u010dan mehanizam, blokira rast gljive na vi\u0161e mesta. Ne me\u0161a se sa preparatima na bazi <em>dinokapa, dikofola, tetradifona<\/em>, uljnim i alkalnim preparatima i Bordovskom \u010dorbom. Dozvoljeno tretiranje iz vazduhoplova. Kvalitetna formulacija obezbe\u0111uje bolje me\u0161anje sa drugim\u00a0pesticidima. Vezuje sa za vo\u0161tani sloj na biljci, \u0161to ga \u010dini postojanim\u00a0i otpornim na spiranje ki\u0161om.<\/p>\n<\/div>","protected":false},"excerpt":{"rendered":"<p class=\"detail\"><strong>Klasa:<\/strong>Fungicidi<\/p>\n<p class=\"detail\"><strong>Aktivna materija:<\/strong>Dodin 400 g\/l<\/p>\n<p class=\"detail\"><strong>Formulacija:<\/strong>SC koncentrovana suspenzija<\/p>\n<p class=\"detail\"><strong>Pakovanje:<\/strong>250 ml, 1 l<\/p>\n<p class=\"detail\"><strong>Proizvo\u0111a\u010d:<\/strong>Agriphar<\/p>\n<p class=\"detail\"><strong>Karenca:<\/strong>breskva, jabuka 60 dana<\/p>\n<p class=\"detail\"><strong>MBT:<\/strong>3<\/p>","protected":false},"featured_media":8127,"template":"","meta":[],"product_brand":[529],"product_cat":[415],"product_tag":[584],"class_list":{"0":"post-8062","1":"product","2":"type-product","3":"status-publish","4":"has-post-thumbnail","6":"product_brand-agromarket","7":"product_cat-fungicidi-2","8":"product_tag-dodin-400-g-l","10":"first","11":"outofstock","12":"product-type-simple"},"_links":{"self":[{"href":"https:\/\/agrarpetrovic.rs\/en\/wp-json\/wp\/v2\/product\/8062","targetHints":{"allow":["GET"]}}],"collection":[{"href":"https:\/\/agrarpetrovic.rs\/en\/wp-json\/wp\/v2\/product"}],"about":[{"href":"https:\/\/agrarpetrovic.rs\/en\/wp-json\/wp\/v2\/types\/product"}],"wp:featuredmedia":[{"embeddable":true,"href":"https:\/\/agrarpetrovic.rs\/en\/wp-json\/wp\/v2\/media\/8127"}],"wp:attachment":[{"href":"https:\/\/agrarpetrovic.rs\/en\/wp-json\/wp\/v2\/media?parent=8062"}],"wp:term":[{"taxonomy":"product_brand","embeddable":true,"href":"https:\/\/agrarpetrovic.rs\/en\/wp-json\/wp\/v2\/product_brand?post=8062"},{"taxonomy":"product_cat","embeddable":true,"href":"https:\/\/agrarpetrovic.rs\/en\/wp-json\/wp\/v2\/product_cat?post=8062"},{"taxonomy":"product_tag","embeddable":true,"href":"https:\/\/agrarpetrovic.rs\/en\/wp-json\/wp\/v2\/product_tag?post=8062"}],"curies":[{"name":"wp","href":"https:\/\/api.w.org\/{rel}","templated":true}]}}