{"id":8063,"date":"2025-09-20T00:11:32","date_gmt":"2025-09-19T22:11:32","guid":{"rendered":"https:\/\/agrarpetrovic.rs\/proizvod\/symphony10-g-herbicid\/"},"modified":"2025-10-23T11:56:39","modified_gmt":"2025-10-23T09:56:39","slug":"symphony-10-gr-herbicid","status":"publish","type":"product","link":"https:\/\/agrarpetrovic.rs\/en\/proizvod\/symphony-10-gr-herbicid\/","title":{"rendered":"Symphony 10 gr &#8211; herbicid"},"content":{"rendered":"<p><strong>Primena<\/strong>:<\/p>\n<ul>\n<li>Soja<br \/>\n&#8211; koli\u010dina primene: 8 g\/ha + Dinox 80 g\/ha + 0,1% Extravon<br \/>\n&#8211; vreme primene: soja u fazi 1-3 troliske, korovi 2-4 lista<\/li>\n<li>Kukuruz<br \/>\n&#8211; koli\u010dina primene: 10-15 g\/ha + 0,1% Extravon<br \/>\n&#8211; vreme primene: kukuruz u fazi 1-5 listova<\/li>\n<li>Lucerka<br \/>\n&#8211; koli\u010dina primene: 15-20 g\/ha + 0,1% Extravon<br \/>\n&#8211; vreme primene: pre po\u010detka vegetacije<\/li>\n<\/ul>\n<p><strong>Spektar delovanja:<\/strong><\/p>\n<p>Jednogodi\u0161nje \u0161irokolisne korovske vrste: \u0161tir obi\u010dni (Amaranthus retroflexusus ), goru\u0161ica poljska (Sinapis arvensis ), konica obi\u010dna (Galinsoga parviflora ), \u010distac jednogodi\u0161nji (Stachys annua ), samonikli suncokret (Helianthus anuus ), teofrastova lipica (Abutilon theophrasti ), repica (Brassica spp .), pepeljuga (Chenopodium spp .), dvornici (Polygonum spp .), lubeni\u010darka njivska (Hibiscus trionum ), mrtva kopriva (Lamium purpureum ).<\/p>\n<p><strong>Mehanizam delovanja:<\/strong><\/p>\n<p>Symphony se usvaja li\u0161\u0107em. U biljci se kre\u0107e navi\u0161e i nani\u017ee i brzo raspore\u0111uje po celoj biljci. Zaustavlja korovske biljke u porastu, izaziva \u017eutilo i nekrozu.<\/p>","protected":false},"excerpt":{"rendered":"<p class=\"detail\"><strong>Klasa:<\/strong> herbicid<\/p>\n<p class=\"detail\"><strong>Aktivna materija:<\/strong> tifensulfuron-metil 750 g\/kg<\/p>\n<p class=\"detail\"><strong>Formulacija:<\/strong> \u00a0WG &#8211; vododisperzibilne granule<\/p>\n<p class=\"detail\"><strong>Pakovanje:<\/strong> 10g<\/p>\n<p class=\"detail\"><strong>Proizvo\u0111a\u010d:<\/strong>\u00a0 Agromarket<\/p>\n<p class=\"detail\"><strong>Karenca:<\/strong> Obezbe\u0111ena je vremenom primene preparata.<\/p>\n<p class=\"detail\"><strong>MBT:<\/strong><\/p>","protected":false},"featured_media":8600,"template":"","meta":[],"product_brand":[529],"product_cat":[449],"product_tag":[725],"class_list":{"0":"post-8063","1":"product","2":"type-product","3":"status-publish","4":"has-post-thumbnail","6":"product_brand-agromarket","7":"product_cat-herbicidi-2","8":"product_tag-tifensulfuron-metil-750-g-kg","10":"first","11":"outofstock","12":"purchasable","13":"product-type-simple"},"_links":{"self":[{"href":"https:\/\/agrarpetrovic.rs\/en\/wp-json\/wp\/v2\/product\/8063","targetHints":{"allow":["GET"]}}],"collection":[{"href":"https:\/\/agrarpetrovic.rs\/en\/wp-json\/wp\/v2\/product"}],"about":[{"href":"https:\/\/agrarpetrovic.rs\/en\/wp-json\/wp\/v2\/types\/product"}],"wp:featuredmedia":[{"embeddable":true,"href":"https:\/\/agrarpetrovic.rs\/en\/wp-json\/wp\/v2\/media\/8600"}],"wp:attachment":[{"href":"https:\/\/agrarpetrovic.rs\/en\/wp-json\/wp\/v2\/media?parent=8063"}],"wp:term":[{"taxonomy":"product_brand","embeddable":true,"href":"https:\/\/agrarpetrovic.rs\/en\/wp-json\/wp\/v2\/product_brand?post=8063"},{"taxonomy":"product_cat","embeddable":true,"href":"https:\/\/agrarpetrovic.rs\/en\/wp-json\/wp\/v2\/product_cat?post=8063"},{"taxonomy":"product_tag","embeddable":true,"href":"https:\/\/agrarpetrovic.rs\/en\/wp-json\/wp\/v2\/product_tag?post=8063"}],"curies":[{"name":"wp","href":"https:\/\/api.w.org\/{rel}","templated":true}]}}