{"id":8064,"date":"2025-09-20T00:11:32","date_gmt":"2025-09-19T22:11:32","guid":{"rendered":"https:\/\/agrarpetrovic.rs\/proizvod\/talocuper-500-ml-fungicid\/"},"modified":"2025-10-23T11:56:39","modified_gmt":"2025-10-23T09:56:39","slug":"talocuper-500-ml-fungicid","status":"publish","type":"product","link":"https:\/\/agrarpetrovic.rs\/en\/proizvod\/talocuper-500-ml-fungicid\/","title":{"rendered":"Talocuper 500 ml &#8211; fungicid"},"content":{"rendered":"<div class=\"product-harvest\">\n<p class=\"detail\">Primena:<\/p>\n<table>\n<thead>\n<tr class=\"bg-13\">\n<th>USEV \/ ZASAD<\/th>\n<th>KOLI\u010cINA PRIMENE<\/th>\n<th>VREME PRIMENE<\/th>\n<\/tr>\n<\/thead>\n<tbody>\n<tr class=\"bg-sec-13\">\n<td class=\"bg-13\"><a href=\"https:\/\/www.agromarketsrbija.rs\/srb\/zastita-bilja\/programi-zastite\/1018\/Jabuka\">VO\u0106E, POVR\u0106E<\/a><\/td>\n<td>Folijarno &#8211; 0,15-0,2% (15-20 ml u 10 l vode);<\/td>\n<td>Primena u ranim vegetativnim i generativnim fazama<\/td>\n<\/tr>\n<tr class=\"bg-sec-13\">\n<td class=\"bg-13\"><a href=\"https:\/\/www.agromarketsrbija.rs\/srb\/zastita-bilja\/programi-zastite\/1020\/Vinova-loza\">VINOVA LOZA<\/a><\/td>\n<td>Navodnjavanje &#8211; 2 \u2013 6,0 l\/ha (20 \u2013 60 ml na 100 m\u00b2)<\/td>\n<td>Primena u ranim vegetativnim i generativnim fazama<\/td>\n<\/tr>\n<tr class=\"bg-sec-13\">\n<td class=\"bg-13\"><a href=\"https:\/\/www.agromarketsrbija.rs\/srb\/zastita-bilja\/programi-zastite\/1037\/Citrus\">CITRUSI<\/a><\/td>\n<td>Navodnjavanje &#8211; 2 \u2013 6,0 l\/ha (20 \u2013 60 ml na 100 m\u00b2)<\/td>\n<td>Primena u ranim vegetativnim i generativnim fazama<\/td>\n<\/tr>\n<tr class=\"bg-sec-13\">\n<td class=\"bg-13\"><a href=\"https:\/\/www.agromarketsrbija.rs\/srb\/zastita-bilja\/programi-zastite\/1011\/Krastavac-Lubenica-Dinja-Tikva\">POVR\u0106E<\/a><\/td>\n<td>Folijarno &#8211; 0,15-0,2% (15-20 ml u 10 l vode)<\/td>\n<td>Primena u ranim vegetativnim i generativnim fazama<\/td>\n<\/tr>\n<\/tbody>\n<\/table>\n<\/div>\n<div class=\"product-info\">\n<p><strong>DELOVANJE:\u00a0<\/strong><\/p>\n<p>molekul organo-bakarnog kompleksa sa dvostrukim delovanjem koje se iskazuje u stvaranju depozita preko kutikule ali i razme\u0161taja jona bakarnog kompleksa izme\u0111u kutikule i epidermalnih \u0107elija. Sadr\u017ei specifi\u010dne penetriraju\u0107e agense. Ispoljava preventivno i kurativno delovanje.<\/p>\n<p><strong>SPEKTAR DELOVANJA:\u00a0<\/strong><\/p>\n<p>Fitopatogene gljive i bakterije iz rodova:\u00a0<em>Phythophthora, Fusarium, Pythium, Rhizoctonia, Alternaria, Armillaria, Rosellinia, Clavibacter michiganensis, Pseudomonas syringae, Xanthomonas campestris, Erwinia carotovora<\/em>\u2026.<\/p>\n<p><strong>PREPORUKE I NAPOMENE<\/strong><\/p>\n<p>broj tretmana zavisi od \u201cpritiska\u201d patogena, odnosno tretmane obavljati svakih 15-ak dana u vreme perioda visokog rizika od infekcije i \u0161irenja oboljenja, a posebno u uslovima visoke vla\u017enosti vazduha. Visoko efikasan u niskoj koncentraciji. Izuzetna stabilnost u zemlji\u0161tu.<\/p>\n<p>Otporan prema razgradnji u zemlji\u0161tu.<\/p>\n<p>Usagla\u0161en sa novom EU regulativom u pogledu o\u010duvanja \u017eivotne okoline zbog niske koncentracije primene.<\/p>\n<p>Ne mo\u017ee se me\u0161ati sa pesticidima kao ni sa proizvodima jako kisele ili jako alkalne reakcije.<\/p>\n<\/div>","protected":false},"excerpt":{"rendered":"<p class=\"detail\"><strong>Klasa:<\/strong> Biopesticid<\/p>\n<p class=\"detail\"><strong>Aktivna materija:<\/strong> neorgansko \u0111ubrivo sa mikroelementom Bakar (Cu) 5 %<\/p>\n<p class=\"detail\"><strong>Formulacija:<\/strong> rastvor<\/p>\n<p class=\"detail\"><strong>Pakovanje:<\/strong> 500 ml, 1 l<\/p>\n<p class=\"detail\"><strong>Proizvo\u0111a\u010d:<\/strong> LIDA PLANT RESEARCH<\/p>\n<p class=\"detail\"><strong>Karenca:<\/strong><\/p>\n<p class=\"detail\"><strong>MBT:<\/strong><\/p>","protected":false},"featured_media":8152,"template":"","meta":[],"product_brand":[529],"product_cat":[415],"product_tag":[781],"class_list":{"0":"post-8064","1":"product","2":"type-product","3":"status-publish","4":"has-post-thumbnail","6":"product_brand-agromarket","7":"product_cat-fungicidi-2","8":"product_tag-neorgansko-djubrivo-sa-mikroelementom-bakar-cu-5","10":"first","11":"outofstock","12":"product-type-simple"},"_links":{"self":[{"href":"https:\/\/agrarpetrovic.rs\/en\/wp-json\/wp\/v2\/product\/8064","targetHints":{"allow":["GET"]}}],"collection":[{"href":"https:\/\/agrarpetrovic.rs\/en\/wp-json\/wp\/v2\/product"}],"about":[{"href":"https:\/\/agrarpetrovic.rs\/en\/wp-json\/wp\/v2\/types\/product"}],"wp:featuredmedia":[{"embeddable":true,"href":"https:\/\/agrarpetrovic.rs\/en\/wp-json\/wp\/v2\/media\/8152"}],"wp:attachment":[{"href":"https:\/\/agrarpetrovic.rs\/en\/wp-json\/wp\/v2\/media?parent=8064"}],"wp:term":[{"taxonomy":"product_brand","embeddable":true,"href":"https:\/\/agrarpetrovic.rs\/en\/wp-json\/wp\/v2\/product_brand?post=8064"},{"taxonomy":"product_cat","embeddable":true,"href":"https:\/\/agrarpetrovic.rs\/en\/wp-json\/wp\/v2\/product_cat?post=8064"},{"taxonomy":"product_tag","embeddable":true,"href":"https:\/\/agrarpetrovic.rs\/en\/wp-json\/wp\/v2\/product_tag?post=8064"}],"curies":[{"name":"wp","href":"https:\/\/api.w.org\/{rel}","templated":true}]}}