{"id":8067,"date":"2025-09-20T00:11:32","date_gmt":"2025-09-19T22:11:32","guid":{"rendered":"https:\/\/agrarpetrovic.rs\/proizvod\/tebukon-250-ew500-ml-fungicid\/"},"modified":"2025-10-27T16:33:45","modified_gmt":"2025-10-27T15:33:45","slug":"tebukon-250-ew500-ml-fungicid","status":"publish","type":"product","link":"https:\/\/agrarpetrovic.rs\/en\/proizvod\/tebukon-250-ew500-ml-fungicid\/","title":{"rendered":"Tebukon 250 EW 500 ml &#8211; fungicid"},"content":{"rendered":"<div class=\"product-harvest\">\n<p class=\"detail\">Primena:<\/p>\n<table>\n<thead>\n<tr class=\"bg-5\">\n<th>USEV \/ ZASAD<\/th>\n<th>KOLI\u010cINA PRIMENE<\/th>\n<th>VREME PRIMENE<\/th>\n<\/tr>\n<\/thead>\n<tbody>\n<tr class=\"bg-sec-5\">\n<td class=\"bg-5\"><a href=\"https:\/\/www.agromarketsrbija.rs\/srb\/zastita-bilja\/programi-zastite\/1004\/Secerna-repa\">\u0160E\u0106ERNA REPA<\/a><\/td>\n<td>0,75 \u2013 1,0<\/td>\n<td>Primenjuje se po pojavi prvih simptoma, a pre ostvarenja uslova za \u0161irenje bolesti &#8211; od faze zatvaranja redova (faza 39 BBCH skale)<\/td>\n<\/tr>\n<tr class=\"bg-sec-5\">\n<td class=\"bg-5\"><a href=\"https:\/\/www.agromarketsrbija.rs\/srb\/zastita-bilja\/programi-zastite\/1002\/STRNA-ZITA\">P\u0160ENICA<\/a><\/td>\n<td>1,0<\/td>\n<td>Za suzbijanje prouzrokova\u010da pepelnice, r\u0111e i sive pegavosti lista i klasa primena od vlatanja do kraja cvetanja (faze 30-69 BBCH skale) Za suzbijanje prouzrokova\u010da fuzarioze klasa, primena krajem klasanja i po\u010detkom cvetanja (faze 59 do 61-69 BBCH skale)<\/td>\n<\/tr>\n<tr class=\"bg-sec-5\">\n<td class=\"bg-5\"><a href=\"https:\/\/www.agromarketsrbija.rs\/srb\/zastita-bilja\/programi-zastite\/1024\/Visnja-Tresnja\">VI\u0160NJA, TRE\u0160NJA<\/a><\/td>\n<td>0,75 (7,5 ml na 100 m\u00b2)<\/td>\n<td>Preventivno, pre ostvarenja uslova za zarazu, od cvetnog balona do zavr\u0161etka cvetanja (59-69 BBCH skale)<\/td>\n<\/tr>\n<\/tbody>\n<\/table>\n<\/div>\n<div class=\"product-info\">\n<p><strong>DELOVANJE:<\/strong><\/p>\n<p>aktivna materija pripada grupi\u00a0<em>Triazola<\/em>. Brzo se apsorbuje u vegetativne delove biljke i transportuje akropetalno (navi\u0161e). Inhibira biosintezu ergosterola.<\/p>\n<p><strong>SPEKTAR DELOVANJA:<\/strong><\/p>\n<p>Prouzrokova\u010d lisne pegavosti \u0161e\u0107erne repe (<em>Cercospora beticola<\/em>), prouzrokova\u010da pepelnice (<em>Blumeria graminis<\/em>), plesni (<em>Fusarium spp<\/em>.), r\u0111e (<em>Puccinia spp<\/em>.) i (<em>Septoria spp<\/em>.) p\u0161enice, prouzrokova\u010da su\u0161enja cvetova i gran\u010dica i mrke trule\u017ei plodova ko\u0161ti\u010davih vo\u0107nihvrsta (<em>Monilinia laxa<\/em>)<\/p>\n<p><strong>PREPORUKE I NAPOMENE<\/strong><\/p>\n<p>ne sme se me\u0161ati sa preparatima na bazi bakra. Ne primenjivati ga alternativno sa preparatima na bazi\u00a0<em>Triazola<\/em>, kao ni sa jedinjenjima istog mehanizma delovanja. Tretiranje iz vazduhoplova nije dozvoljeno.<\/p>\n<p>Koli\u010dina te\u010dnosti iznosi 200 do 400 l\/ha u rataskim usevima, dok u vo\u0107arskim zasadima iznosi 600 &#8211; 1000 l\/ha.<\/p>\n<p><strong>Preparati na bazi iste aktivne materije primenjuju se i u zasadima breskve i kajsije, na 7 &#8211; 14 dana pred berbu, radi za\u0161tite od bolesti plodova koje prouzrokoju\u00a0<\/strong><strong><em>Monilinia spp<\/em><\/strong><strong>. i\u00a0<\/strong><strong><em>Penicillium spp<\/em><\/strong><strong>., kao i u usevu paradajza, do prve berbe, za za\u0161titu od prouzrokova\u010da crne pegavosti (<\/strong><strong><em>Alternaria solani<\/em><\/strong><strong>), u zasadu vinove loze za suzbijanje prouzrokova\u010da pepelnice (<\/strong><strong><em>Uncinula necator<\/em><\/strong><strong>)<\/strong><\/p>\n<\/div>","protected":false},"excerpt":{"rendered":"<p class=\"detail\"><strong>Klasa: <\/strong>FUNGICID<\/p>\n<p class=\"detail\"><strong>Aktivna materija:<\/strong> tebukonazol 250 g\/l<\/p>\n<p class=\"detail\"><strong>Formulacija:<\/strong> EW \u2013 emulzija ulja u vodi<\/p>\n<p class=\"detail\"><strong>Pakovanje:<\/strong> 500ml<\/p>\n<p class=\"detail\"><strong>Proizvo\u0111a\u010d:<\/strong> Agromarket<\/p>\n<p class=\"detail\"><strong>Karenca:<\/strong> 21 dan &#8211; tre\u0161nja i vi\u0161nja; 42 dana &#8211; \u0161e\u0107erna repa; OVP &#8211; p\u0161enica<\/p>\n<p class=\"detail\"><strong>MBT:<\/strong> \u00a0<span class=\"mbt\">2 &#8211; \u0161e\u0107erna repa, vi\u0161nja, tre\u0161nja; 3 &#8211; p\u0161enica<\/span><\/p>","protected":false},"featured_media":8966,"template":"","meta":[],"product_brand":[529],"product_cat":[415],"product_tag":[782],"class_list":{"0":"post-8067","1":"product","2":"type-product","3":"status-publish","4":"has-post-thumbnail","6":"product_brand-agromarket","7":"product_cat-fungicidi-2","8":"product_tag-tebukonazol-250-g-l","10":"first","11":"outofstock","12":"purchasable","13":"product-type-simple"},"_links":{"self":[{"href":"https:\/\/agrarpetrovic.rs\/en\/wp-json\/wp\/v2\/product\/8067","targetHints":{"allow":["GET"]}}],"collection":[{"href":"https:\/\/agrarpetrovic.rs\/en\/wp-json\/wp\/v2\/product"}],"about":[{"href":"https:\/\/agrarpetrovic.rs\/en\/wp-json\/wp\/v2\/types\/product"}],"wp:featuredmedia":[{"embeddable":true,"href":"https:\/\/agrarpetrovic.rs\/en\/wp-json\/wp\/v2\/media\/8966"}],"wp:attachment":[{"href":"https:\/\/agrarpetrovic.rs\/en\/wp-json\/wp\/v2\/media?parent=8067"}],"wp:term":[{"taxonomy":"product_brand","embeddable":true,"href":"https:\/\/agrarpetrovic.rs\/en\/wp-json\/wp\/v2\/product_brand?post=8067"},{"taxonomy":"product_cat","embeddable":true,"href":"https:\/\/agrarpetrovic.rs\/en\/wp-json\/wp\/v2\/product_cat?post=8067"},{"taxonomy":"product_tag","embeddable":true,"href":"https:\/\/agrarpetrovic.rs\/en\/wp-json\/wp\/v2\/product_tag?post=8067"}],"curies":[{"name":"wp","href":"https:\/\/api.w.org\/{rel}","templated":true}]}}