{"id":8068,"date":"2025-09-20T00:11:32","date_gmt":"2025-09-19T22:11:32","guid":{"rendered":"https:\/\/agrarpetrovic.rs\/proizvod\/tebukon-60fs-50-ml-fungicid\/"},"modified":"2025-10-27T16:33:31","modified_gmt":"2025-10-27T15:33:31","slug":"tebukon-60-fs-50-ml-fungicid","status":"publish","type":"product","link":"https:\/\/agrarpetrovic.rs\/en\/proizvod\/tebukon-60-fs-50-ml-fungicid\/","title":{"rendered":"Tebukon 60 FS 50 ml &#8211; fungicid"},"content":{"rendered":"<div class=\"primena\">\n<p><span class=\"strong\"><strong>Primena<\/strong>:<\/span><\/p>\n<p><strong>&#8211; p\u0161enica:<\/strong>\u00a0za suzbijanje prouzrokova\u010da glavnice (Tilletia tritici i Tilletia leavis) u koli\u010dini primene\u00a0<strong>50 ml na 100 kg semena\u00a0<\/strong>uz dodatak 500 &#8211; 700 ml vode, tretiranjem semena u odgovaraju\u0107im ure\u0111ajima koji obezbe\u0111uju intenzivno me\u0161anje (ravnomerno nano\u0161enje preparata).<\/p>\n<\/div>\n<p><strong>Mehanizam i na\u010din delovanja a.m.:<\/strong><\/p>\n<p>&#8211; Inhibitor C14-demetilacije<br \/>\n&#8211; Sistemi\u010dni fungicid sa protektivnim, kurativnim i eradikativnim delovanjem<\/p>\n<p><strong>Napomena:<\/strong><\/p>\n<p>&#8211; Ne sme se me\u0161ati sa preparatima na bazi triadimefona, triadimenola, karbendazima i tirama i sredstvima za za\u0161titu bilja izrazito alkalne reakcije<br \/>\n&#8211; Preparati Tebukon 60 FS i Gizmo 60 FS mogu se me\u0161ati sa svim sredstvima za tretiranje semena istog tipa formulacije<br \/>\n&#8211; Tretiranje iz vazduhoplova je dozvoljeno samo u usevu \u0161e\u0107erne repe (ORIUS 25 EW) i to pod slede\u0107im uslovima:<br \/>\n\u2022 povr\u0161ine koje se tretiraju morajubiti udaljene najmanje 500 m od naselja i poljoprivrednih objekata (farmi) a 200 m od voda<br \/>\n\u2022 brzina vetra ne sme da prlazi 2 m\/s<br \/>\n\u2022 utro\u0161ak vode za tretiranje iz vazduhoplova je 50 &#8211; 100 l\/ha<br \/>\n&#8211; Napomena kada se koristi za tretiranje semena:<br \/>\n\u2022 tretirano seme se ne sme koristiti za ishranu ljudi, riba i toplokrvnih \u017eivotinja<br \/>\n\u2022 tretirano seme se ne sme ostavljati na povr\u0161ini zemlje, ve\u0107 inkororirati u zemlji\u0161te na odgovaraju\u0107u dubinu setve<br \/>\n\u2022 prilikom setve tretiranog semena voditi ra\u010duna o vodoza\u0161titnim zonama<br \/>\n\u2022 tretiranje semena p\u0161enice sredstvom za za\u0161titu bilja ORIUS 2 WS se mo\u017ee vr\u0161iti jedino u doradnim centrima upisanim u Registar dora\u0111iva\u010da semena u skladu sa zakonom kojim se ure\u0111uje seme<br \/>\n\u2022 sredstvo za za\u0161titu ORIUS 2 WS se ne sme stavljati u promet na malo i prodavati fizi\u010dkim licima<br \/>\n\u2022 tretirano seme ne sejati po jakom vetru i pridr\u017eavati se preporu\u010dene gustine setve<br \/>\n\u2022 tretirano seme se ne sme dodatno tretirati sa sredstvima za za\u0161titu bilja<br \/>\n\u2022 ako se koriste pneumatske sejalice pra\u0161inu od tretiranog semena deflektorima usmeriti na zemlji\u0161te ili u zemlji\u0161te<br \/>\n\u2022 prilikom punjenja i pra\u017enjenja seja\u010dice izbagavati izlaganje pra\u0161ini; pra\u0161inu sa dna vre\u017ee ne sipati u seja\u010dice<br \/>\n\u2022 prazne vre\u0107e od tretiranog semena ne koristiti ni za kakve druge namere; ostatak tretiranog semena vratiti u njihovu originalnu ambala\u017eu; prazne vre\u0107e od tretiranog semena i ostatak tretiranog semena se zbrinjavaju u skladu sa propisima kojima se ure\u0111uju ambala\u017ea i ambala\u017eni otpad i opasan otpad<\/p>","protected":false},"excerpt":{"rendered":"<p class=\"detail\"><strong>Klasa:<\/strong> fungicid<\/p>\n<p class=\"detail\"><strong>Aktivna materija: <\/strong>tebukonazol (60 g\/l)<\/p>\n<p class=\"detail\"><strong>Formulacija:<\/strong> Koncentrovana suspenzija za tretiranje semena (FS)<\/p>\n<p class=\"detail\"><strong>Pakovanje:<\/strong> 50ml<\/p>\n<p class=\"detail\"><strong>Proizvo\u0111a\u010d:<\/strong>\u00a0 Agromarket<\/p>\n<p class=\"detail\"><strong>Karenca:<\/strong> 7 &#8211; breskva, kajsija; 14 &#8211; krompir; 21 &#8211; vinova loza, vi\u0161nja, \u0161ljiva, malina, paradajz, uljana repica, jabuka, p\u0161enica (LIRA); 35 &#8211; \u0161e\u0107erna repa; OVP &#8211; p\u0161enica, vi\u0161nja,<\/p>\n<p class=\"detail\"><strong>MBT:<\/strong> 3 (ORIUS 25 EW, LIRA &#8211; 2), 1 (FS formulacije)<\/p>","protected":false},"featured_media":8966,"template":"","meta":[],"product_brand":[529],"product_cat":[415],"product_tag":[719],"class_list":{"0":"post-8068","1":"product","2":"type-product","3":"status-publish","4":"has-post-thumbnail","6":"product_brand-agromarket","7":"product_cat-fungicidi-2","8":"product_tag-tebukonazol-60-g-l","10":"first","11":"outofstock","12":"purchasable","13":"product-type-simple"},"_links":{"self":[{"href":"https:\/\/agrarpetrovic.rs\/en\/wp-json\/wp\/v2\/product\/8068","targetHints":{"allow":["GET"]}}],"collection":[{"href":"https:\/\/agrarpetrovic.rs\/en\/wp-json\/wp\/v2\/product"}],"about":[{"href":"https:\/\/agrarpetrovic.rs\/en\/wp-json\/wp\/v2\/types\/product"}],"wp:featuredmedia":[{"embeddable":true,"href":"https:\/\/agrarpetrovic.rs\/en\/wp-json\/wp\/v2\/media\/8966"}],"wp:attachment":[{"href":"https:\/\/agrarpetrovic.rs\/en\/wp-json\/wp\/v2\/media?parent=8068"}],"wp:term":[{"taxonomy":"product_brand","embeddable":true,"href":"https:\/\/agrarpetrovic.rs\/en\/wp-json\/wp\/v2\/product_brand?post=8068"},{"taxonomy":"product_cat","embeddable":true,"href":"https:\/\/agrarpetrovic.rs\/en\/wp-json\/wp\/v2\/product_cat?post=8068"},{"taxonomy":"product_tag","embeddable":true,"href":"https:\/\/agrarpetrovic.rs\/en\/wp-json\/wp\/v2\/product_tag?post=8068"}],"curies":[{"name":"wp","href":"https:\/\/api.w.org\/{rel}","templated":true}]}}