{"id":8072,"date":"2025-09-20T00:11:32","date_gmt":"2025-09-19T22:11:32","guid":{"rendered":"https:\/\/agrarpetrovic.rs\/proizvod\/thiovet-jet-wg-1-1\/"},"modified":"2025-10-23T11:56:40","modified_gmt":"2025-10-23T09:56:40","slug":"thiovet-jet-wg-1-1","status":"publish","type":"product","link":"https:\/\/agrarpetrovic.rs\/en\/proizvod\/thiovet-jet-wg-1-1\/","title":{"rendered":"Thiovet jet WG 1\/1"},"content":{"rendered":"<p><strong>Primena:<\/strong><\/p>\n<div class=\"table-mobile-effect\">\n<div class=\"table-wrapper tw-overflow-y-auto\">\n<table border=\"0\" cellspacing=\"0\" cellpadding=\"0\" data-once=\"table\">\n<tbody>\n<tr>\n<td>\n<p class=\"text-align-center\"><strong>U<\/strong><strong>sev<\/strong><\/p>\n<\/td>\n<td>\n<p class=\"text-align-center\"><strong>Patogeni koje suzbija<\/strong><\/p>\n<\/td>\n<td>\n<p class=\"text-align-center\"><strong>Koli\u010dina primene<\/strong><\/p>\n<\/td>\n<td>\n<p class=\"text-align-center\"><strong>Vreme primene<\/strong><\/p>\n<\/td>\n<td>\n<p class=\"text-align-center\"><strong>Karenca<\/strong><\/p>\n<\/td>\n<\/tr>\n<tr>\n<td>Jabuka<\/td>\n<td>Pepelnica (<em>Podosphaera leucotricha<\/em>)<\/td>\n<td>\n<p class=\"text-align-center\">5-7 kg\/ha<\/p>\n<\/td>\n<td>Preventivno pre pojave oboljenja, od faze zelenih listi\u0107a 5-10 mm iznad lju\u0161ture pupoljka do faze pre\u010dnik ploda 40 mm<\/td>\n<td>\n<p class=\"text-align-center\">14 dana<\/p>\n<\/td>\n<\/tr>\n<tr>\n<td>Vinova loza<\/td>\n<td>Pepelnica (<em>Uncinula necator<\/em>)<\/td>\n<td>\n<p class=\"text-align-center\">5-7 kg\/ha<\/p>\n<\/td>\n<td>reventivno pre pojave oboljenja, od faze 3-4 lista do faze zatvaranja grozda<\/td>\n<td>\n<p class=\"text-align-center\">28 dana<\/p>\n<\/td>\n<\/tr>\n<tr>\n<td>Leska<\/td>\n<td>Pepelnica (<em>Phyllactinia guttata<\/em>)<\/td>\n<td>\n<p class=\"text-align-center\">200-500 g u 100 l vode<\/p>\n<\/td>\n<td>Preventivno tokom vegetacije u uslovima povoljnim za pojavu pepelnice ili najkasnije po pojavi prvih simptoma<\/td>\n<td>\n<p class=\"text-align-center\">5 dana<\/p>\n<\/td>\n<\/tr>\n<tr>\n<td>Borovnica<\/td>\n<td>Pepelnica (<em>Sphaerotheca mors-uvae<\/em>)<\/td>\n<td>\n<p class=\"text-align-center\">4-5 kg\/ha<\/p>\n<\/td>\n<td>Pre sticanja uslova za pojavu oboljenja ili po pojavi prvih simptoma<\/td>\n<td>\n<p class=\"text-align-center\">7 dana<\/p>\n<\/td>\n<\/tr>\n<\/tbody>\n<\/table>\n<\/div>\n<\/div>\n<p><strong>Na\u010din delovanja:<\/strong><br \/>\nTHIOVIT\u00ae Jet\u00a080 WG<strong>\u00a0<\/strong>je nesistemi\u010dni fungicid\u00a0<strong>na bazi sumpora<\/strong>, koji najbolje rezultate ostvaruje ako se koristi preventivno (pre po\u010detka razvoja bolesti). Jedinstvena formulacija sumpora u THIOVIT\u00ae Jet\u00a080 WG omogu\u0107ava visoku efikasnost i selektivnost preparata. Slobodni molekuli elementarnog sumpora u \u0107eliji patogena deluju na oksido-redukcione procese i brzo dovode do njihovog uginu\u0107a. Pored fungicidnog delovanja\u00a0<strong>THIOVIT JET\u00ae 80\u00a0<\/strong>ispoljava i sporedno akaricidno delovanje (smanjuje brojnost \u0161tetnih grinja). THIOVIT\u00ae Jet\u00a080 WG<strong>\u00a0<\/strong>je idealan partner fungicidima sa specifi\u010dnim mestom delovanja zbog spre\u010davanja mogu\u0107e rezistentnosti.<\/p>\n<p><strong>Posebne napomene:<\/strong><\/p>\n<p>Na temperaturama ni\u017eim od 16\u00b0C efekat sumpora je slabiji zbog manje isparljivosti sumpora, ali sa pove\u0107anjem temperature pove\u0107ava se i njegova efikasnost. Ne primenjivati na temeperaturama vi\u0161im od 28\u00b0C jer mo\u017ee do\u0107i do pojave fitotoksi\u010dnosti na tretiranim biljkama. Koli\u010dina primene je u direktnoj zavisnosti od temperature vazduha u periodu primene i delovanja, tako da se ve\u0107e koli\u010dine preparata koriste na ni\u017eim temperaturama, dok se na vi\u0161im temperaturama preporu\u010duje kori\u0161\u0107enje ni\u017ee doze primene. Mo\u017ee se primeniti 4 puta u toku jedne godine, na istoj povr\u0161ini, u alternativnoj primeni sa drugim sredstvima za za\u0161titu bilja.<\/p>\n<p><strong>Mogu\u0107nost me\u0161anja:<\/strong><\/p>\n<p>Mo\u017ee se me\u0161ati sa preparatima na bazi bakar-oksihlorida, uz uslov da je pH vrednost me\u0161avine neutralna. Ne sme se me\u0161ati sa preparatima izrazito alkalne i izrazito kisele reakcije.<\/p>","protected":false},"excerpt":{"rendered":"<p class=\"detail\"><strong>Klasa:<\/strong> Fungicid<\/p>\n<p class=\"detail\"><strong>Aktivna materija: <\/strong>800 g\/kg Sumpor<\/p>\n<p class=\"detail\"><strong>Formulacija:<\/strong> Vododisperzibilne granule (WG)<\/p>\n<p class=\"detail\"><strong>Pakovanje:<\/strong> 1kg<\/p>\n<p class=\"detail\"><strong>Proizvo\u0111a\u010d:<\/strong> Sygebta<\/p>\n<p class=\"detail\"><strong>Karenca:<\/strong><\/p>\n<p class=\"detail\"><strong>MBT:<\/strong><\/p>","protected":false},"featured_media":8155,"template":"","meta":[],"product_brand":[531],"product_cat":[532],"product_tag":[783],"class_list":{"0":"post-8072","1":"product","2":"type-product","3":"status-publish","4":"has-post-thumbnail","6":"product_brand-sygenta","7":"product_cat-hemija","8":"product_tag-800-g-kg-sumpor","10":"first","11":"outofstock","12":"purchasable","13":"product-type-simple"},"_links":{"self":[{"href":"https:\/\/agrarpetrovic.rs\/en\/wp-json\/wp\/v2\/product\/8072","targetHints":{"allow":["GET"]}}],"collection":[{"href":"https:\/\/agrarpetrovic.rs\/en\/wp-json\/wp\/v2\/product"}],"about":[{"href":"https:\/\/agrarpetrovic.rs\/en\/wp-json\/wp\/v2\/types\/product"}],"wp:featuredmedia":[{"embeddable":true,"href":"https:\/\/agrarpetrovic.rs\/en\/wp-json\/wp\/v2\/media\/8155"}],"wp:attachment":[{"href":"https:\/\/agrarpetrovic.rs\/en\/wp-json\/wp\/v2\/media?parent=8072"}],"wp:term":[{"taxonomy":"product_brand","embeddable":true,"href":"https:\/\/agrarpetrovic.rs\/en\/wp-json\/wp\/v2\/product_brand?post=8072"},{"taxonomy":"product_cat","embeddable":true,"href":"https:\/\/agrarpetrovic.rs\/en\/wp-json\/wp\/v2\/product_cat?post=8072"},{"taxonomy":"product_tag","embeddable":true,"href":"https:\/\/agrarpetrovic.rs\/en\/wp-json\/wp\/v2\/product_tag?post=8072"}],"curies":[{"name":"wp","href":"https:\/\/api.w.org\/{rel}","templated":true}]}}