{"id":8073,"date":"2025-09-20T00:11:32","date_gmt":"2025-09-19T22:11:32","guid":{"rendered":"https:\/\/agrarpetrovic.rs\/proizvod\/tilt-250-ec-100ml\/"},"modified":"2025-10-23T11:56:40","modified_gmt":"2025-10-23T09:56:40","slug":"tilt-250-ec-100ml","status":"publish","type":"product","link":"https:\/\/agrarpetrovic.rs\/en\/proizvod\/tilt-250-ec-100ml\/","title":{"rendered":"Tilt 250 EC 100ml &#8211; Fungicid"},"content":{"rendered":"<div class=\"product-harvest\">\n<p class=\"detail\">Primena:<\/p>\n<table>\n<thead>\n<tr class=\"bg-5\">\n<th>USEV \/ ZASAD<\/th>\n<th>KOLI\u010cINA PRIMENE<\/th>\n<th>VREME PRIMENE<\/th>\n<\/tr>\n<\/thead>\n<tbody>\n<tr class=\"bg-sec-5\">\n<td class=\"bg-5\"><a href=\"https:\/\/www.agromarket.rs\/srb\/zastita-bilja\/programi-zastite\/1002\/Psenica\">P\u0161enica i je\u010dam<\/a><\/td>\n<td>0.5 l\/ha za tretiranje sa zemlje<\/td>\n<td>po pojavi prvih simptoma<\/td>\n<\/tr>\n<tr class=\"bg-sec-5\">\n<td class=\"bg-5\"><a href=\"https:\/\/www.agromarket.rs\/srb\/zastita-bilja\/programi-zastite\/1020\/Vinova-loza\">Vinova loza<\/a><\/td>\n<td>0.015% (1-1.5 ml u 10 l vode)<\/td>\n<td>tretiranjem od po\u010detka cvetanja do zatvarana grozda<\/td>\n<\/tr>\n<\/tbody>\n<\/table>\n<\/div>\n<div class=\"product-info\">\n<p><strong>DELOVANJE:<\/strong><\/p>\n<p>Tilt 250 EC je sistemi\u010dni folijarni fungicid iz grupe triazola. Deluje preventivno, kurativno i eradikativno. Inhibira sintezu ergosterola i spre\u010dava razvoj gljive. Kre\u0107e se i translaminarno.<\/p>\n<p><strong>SPEKTAR DELOVANJA:<\/strong><\/p>\n<p>Koristi se za suzbijanje prouzrokova\u010da: pepelnice vinove loze (<em>Uncinula necator<\/em>), pepelnice p\u0161enice i je\u010dma (<em>Erysiphe graminis<\/em>), r\u0111e p\u0161enice i je\u010dma (<em>Puccinia spp.<\/em>), sive pegavosti lista i klasa p\u0161enice i je\u010dma (<em>Septoria tritici i Septoria nodorum<\/em>) i okruglaste pegavosti p\u0161enice i je\u010dma (<em>Rhynchosporium secalis<\/em>).<\/p>\n<p><strong><span class=\"podnaslovPoglavljaZS\">PREPORUKE I NAPOMENE:<\/span><\/strong><\/p>\n<p class=\"text-left\">Dobro delovanje preparata je nezavisno od vremenskih uslova. \u0160titi u izvesnoj meri i novoizrasle lastare. Ne ostavlja mrlje kod stonog gro\u017eda. Nema uticaja na ukus, proces vrenja i organolepti\u010dka svojstva vina. Utro\u0161ak vode kod vinove loze 800-1000 l\/ha, kod p\u0161enice 300-500 l, a iz vazduhoplova 50 l.<\/p>\n<\/div>","protected":false},"excerpt":{"rendered":"<p class=\"detail\"><strong>Klasa:<\/strong> Fungicidi<\/p>\n<p class=\"detail\"><strong>Aktivna materija:<\/strong> Propikonazol (250g\/l)<\/p>\n<p class=\"detail\"><strong>Formulacija: <\/strong>EC \u2013 koncentrat za emulziju<\/p>\n<p class=\"detail\"><strong>Pakovanje:<\/strong> 100 ml, 1 l<\/p>\n<p class=\"detail\"><strong>Proizvo\u0111a\u010d:<\/strong> Syngenta<\/p>\n<p class=\"detail\"><strong>Karenca:<\/strong> 35 dana gro\u017ede, p\u0161enica i je\u010dam<\/p>\n<p class=\"detail\"><strong>MBT:<\/strong> 2<\/p>","protected":false},"featured_media":8143,"template":"","meta":[],"product_brand":[531],"product_cat":[532],"product_tag":[784],"class_list":{"0":"post-8073","1":"product","2":"type-product","3":"status-publish","4":"has-post-thumbnail","6":"product_brand-sygenta","7":"product_cat-hemija","8":"product_tag-propikonazol-250g-l","10":"first","11":"outofstock","12":"purchasable","13":"product-type-simple"},"_links":{"self":[{"href":"https:\/\/agrarpetrovic.rs\/en\/wp-json\/wp\/v2\/product\/8073","targetHints":{"allow":["GET"]}}],"collection":[{"href":"https:\/\/agrarpetrovic.rs\/en\/wp-json\/wp\/v2\/product"}],"about":[{"href":"https:\/\/agrarpetrovic.rs\/en\/wp-json\/wp\/v2\/types\/product"}],"wp:featuredmedia":[{"embeddable":true,"href":"https:\/\/agrarpetrovic.rs\/en\/wp-json\/wp\/v2\/media\/8143"}],"wp:attachment":[{"href":"https:\/\/agrarpetrovic.rs\/en\/wp-json\/wp\/v2\/media?parent=8073"}],"wp:term":[{"taxonomy":"product_brand","embeddable":true,"href":"https:\/\/agrarpetrovic.rs\/en\/wp-json\/wp\/v2\/product_brand?post=8073"},{"taxonomy":"product_cat","embeddable":true,"href":"https:\/\/agrarpetrovic.rs\/en\/wp-json\/wp\/v2\/product_cat?post=8073"},{"taxonomy":"product_tag","embeddable":true,"href":"https:\/\/agrarpetrovic.rs\/en\/wp-json\/wp\/v2\/product_tag?post=8073"}],"curies":[{"name":"wp","href":"https:\/\/api.w.org\/{rel}","templated":true}]}}