{"id":8074,"date":"2025-09-20T00:11:32","date_gmt":"2025-09-19T22:11:32","guid":{"rendered":"https:\/\/agrarpetrovic.rs\/proizvod\/topas-100-ec-1-1-fungicid\/"},"modified":"2025-10-23T11:56:40","modified_gmt":"2025-10-23T09:56:40","slug":"topas-100-ec-1-1-fungicid","status":"publish","type":"product","link":"https:\/\/agrarpetrovic.rs\/en\/proizvod\/topas-100-ec-1-1-fungicid\/","title":{"rendered":"Topas 100 EC  1\/1 &#8211; fungicid"},"content":{"rendered":"<p><strong>Primena:<\/strong><\/p>\n<div class=\"table-mobile-effect\">\n<div class=\"table-wrapper tw-overflow-y-auto\">\n<table border=\"0\" cellspacing=\"0\" cellpadding=\"0\" align=\"left\" data-once=\"table\">\n<tbody>\n<tr>\n<td><strong>Usev<\/strong><\/td>\n<td><strong>Patogeni koje suzbija<\/strong><\/td>\n<td><strong>Koli\u010dina primene<\/strong><\/td>\n<td><strong>Vreme primene<\/strong><\/td>\n<td><strong>Karenca<\/strong><\/td>\n<\/tr>\n<tr>\n<td><strong>Jabuka<\/strong><\/td>\n<td>Pepelnica (<em>Podosphaera leucotricha<\/em>)<\/td>\n<td>0,025%<\/td>\n<td>Tokom vegetacije, preventivno ili po sticanju uslova za pojavu i razvoj oboljenja.<\/td>\n<td>21 dan<\/td>\n<\/tr>\n<tr>\n<td><strong>Breskva<\/strong><\/td>\n<td>Pepelnica\u00a0(<em>Sphaerotheca<\/em><br \/>\n<em>pannosa<\/em>)<\/td>\n<td>0,5 &#8211; 0,75 l\/ha<\/td>\n<td>Tretiranjem prema preporuci\u00a0prognozno-izve\u0161tajne slu\u017ebe\u00a0ili najkasnije pri pojavi prvih\u00a0simptoma bolesti koji se mogu\u00a0o\u010dekivti nakon faze\u00a0precvetavanja\u00a0(BBCH 69)<\/td>\n<td>14 dana<\/td>\n<\/tr>\n<tr>\n<td><strong>Vinova loza<\/strong><\/td>\n<td>Pepelnica (<em>Uncinula necator<\/em>)<\/td>\n<td>0,025%<\/td>\n<td>Tokom vegetacije, preventivno ili po sticanju uslova za pojavu i razvoj oboljenja.<\/td>\n<td>35 dana<\/td>\n<\/tr>\n<tr>\n<td><strong>Krastavac u zatvorenom prostoru<\/strong><\/td>\n<td>Pepelnica (<em>Erysiphe cichoracearum<\/em>)<\/td>\n<td>0,035-<br \/>\n0,05%<\/td>\n<td>Preventivno, a najkasnije<br \/>\npo pojavi prvih simptoma<\/td>\n<td>3 dana<\/td>\n<\/tr>\n<\/tbody>\n<\/table>\n<\/div>\n<\/div>\n<p>&nbsp;<\/p>\n<p>TOPAS\u00ae 100 EC<strong>\u00a0<\/strong>je sistemi\u010dni fungicid sa preventivnim, kurativnim i eradikativnim delovanjem za suzbijanje prouzrokova\u010da pepelnice vinove loze (<em>Uncinula necator<\/em>) i pepelnice jabuke (<em>Podosphaera leucotricha<\/em>),\u00a0pepelnice breskve\u00a0(<em>Sphaerotheca pannosa<\/em>)\u00a0i pepelnice (<em>Erysiphe cichoracearum<\/em>) krastavca u zatvorenom prostoru.<\/p>\n<p><strong>Na\u010din delovanja:<\/strong><br \/>\nTOPAS\u00ae 100 EC<strong>\u00a0<\/strong>je sistemi\u010dni fungicid na bazi penkonazola<strong>. Penkonazol<\/strong>\u00a0je aktivna materija iz gurpe triazola, koju odlikuje sposobnost da brzo prodire u biljno tkivo, zbog\u00a0 \u010dega je izuzetno otporan na spiranje ki\u0161om. Kre\u0107e se translaminarno, \u0161to mu omogu\u0107ava da se ravnomerno raspore\u0111uje unutar biljaka ubrzo nakon tretmana. Primenjuje se preventivno i u ranim postinfekcionim tretmanima, kada zaustavlja dalje \u0161irenje infekcije i prodiranje patogena u biljno tkivo.<\/p>\n<p><strong>Mogu\u0107nost me\u0161anja:<\/strong><\/p>\n<p>Mo\u017ee se me\u0161ati sa fungicidima na bazi kaptana i dinokapa. Zbog rezistentnosti sredstvo ne primenjivati alternativno sa sredstvima na bazi triazola, kao ni sli\u010dnim jedinjenjima istog mehanizma delovanja.<\/p>\n<p>&nbsp;<\/p>","protected":false},"excerpt":{"rendered":"<p class=\"detail\"><strong>Klasa:<\/strong> fungicid.<\/p>\n<p class=\"detail\"><strong>Aktivna materija:<\/strong> 100 g\/kg penkonazol<\/p>\n<p class=\"detail\"><strong>Formulacija:<\/strong> Koncentrat za emulziju (EC)<\/p>\n<p class=\"detail\"><strong>Pakovanje:<\/strong>\u00a0 1 l<\/p>\n<p class=\"detail\"><strong>Proizvo\u0111a\u010d:<\/strong> Sygenta<\/p>\n<p class=\"detail\"><strong>Karenca:<\/strong><\/p>\n<p class=\"detail\"><strong>MBT:<\/strong><\/p>","protected":false},"featured_media":8125,"template":"","meta":[],"product_brand":[531],"product_cat":[415],"product_tag":[775],"class_list":{"0":"post-8074","1":"product","2":"type-product","3":"status-publish","4":"has-post-thumbnail","6":"product_brand-sygenta","7":"product_cat-fungicidi-2","8":"product_tag-100-g-kg-penkonazol","10":"first","11":"outofstock","12":"product-type-simple"},"_links":{"self":[{"href":"https:\/\/agrarpetrovic.rs\/en\/wp-json\/wp\/v2\/product\/8074","targetHints":{"allow":["GET"]}}],"collection":[{"href":"https:\/\/agrarpetrovic.rs\/en\/wp-json\/wp\/v2\/product"}],"about":[{"href":"https:\/\/agrarpetrovic.rs\/en\/wp-json\/wp\/v2\/types\/product"}],"wp:featuredmedia":[{"embeddable":true,"href":"https:\/\/agrarpetrovic.rs\/en\/wp-json\/wp\/v2\/media\/8125"}],"wp:attachment":[{"href":"https:\/\/agrarpetrovic.rs\/en\/wp-json\/wp\/v2\/media?parent=8074"}],"wp:term":[{"taxonomy":"product_brand","embeddable":true,"href":"https:\/\/agrarpetrovic.rs\/en\/wp-json\/wp\/v2\/product_brand?post=8074"},{"taxonomy":"product_cat","embeddable":true,"href":"https:\/\/agrarpetrovic.rs\/en\/wp-json\/wp\/v2\/product_cat?post=8074"},{"taxonomy":"product_tag","embeddable":true,"href":"https:\/\/agrarpetrovic.rs\/en\/wp-json\/wp\/v2\/product_tag?post=8074"}],"curies":[{"name":"wp","href":"https:\/\/api.w.org\/{rel}","templated":true}]}}