{"id":8080,"date":"2025-09-20T00:11:37","date_gmt":"2025-09-19T22:11:37","guid":{"rendered":"https:\/\/agrarpetrovic.rs\/proizvod\/ugo1-l-fungicid\/"},"modified":"2025-10-23T11:56:43","modified_gmt":"2025-10-23T09:56:43","slug":"ugo1-l-fungicid","status":"publish","type":"product","link":"https:\/\/agrarpetrovic.rs\/en\/proizvod\/ugo1-l-fungicid\/","title":{"rendered":"Ugo1 l &#8211; fungicid"},"content":{"rendered":"<p><strong>Primena:<\/strong><\/p>\n<ul>\n<li>Vinova loza u koli\u010dini od 0,4 l\/Ha Preventivna primena tokom vegetacije (fenofaze11-79 BBCH skale)<\/li>\n<li>P\u0161enica u koli\u010dini od 0,75 l\/Ha Preventivno ili po pojavi prvih simptoma, od vlatanja do punog cvetanja (faze 30-65 BBCH).<\/li>\n<li>\u0160e\u0107erna repa u koli\u010dini od 0,6 l\/Ha Primena po pojavi prvih simptoma, a pre ostvarenja uslova za \u0161irenje bolesti (od faze zatvaranja redova \u2013 39 BBCH skale)<\/li>\n<li>Suncokret u koli\u010dini od 0,75 l\/Ha *U fazi registracije<\/li>\n<\/ul>\n<p><strong>Mehanizam delovanja:<\/strong><\/p>\n<p>Aktivna materija pripada grupi Metoksikarbamata, Strobilurina, inhibitor ubikvinol-oksidaze u kompleksu III (citohrom c1). Izuzetno delovanje na fitopatogene gljivice koje se razvijaju na povr\u0161ini, odnosno na one koje ne prodiru dublje u biljno tkivo.<\/p>\n<p><strong>Spektar delovanja<\/strong>:<\/p>\n<p>Prouzrokova\u010d pepelnice vinove loze (Uncinula necator); prouzrokova\u010d pepelnice (Erysiphe graminis), r\u0111e (Puccinia sp.) i sive pegavosti lista (Septoria tritici) u usevu p\u0161enice; pegavosti lista \u0161e\u0107erne repe (Cercospora beticola) u usevu \u0161e\u0107erne repe.<\/p>\n<p><strong>Preporuke i napomene<\/strong><\/p>\n<p>Preparat se primenjuje svim prskalicama, le\u0111nim i traktorskim sa zemlje. Tretman iz vazduhoplova nije dozvoljen.<br \/>\nNe sme se me\u0161ati sa proizvodima na bazi hlorpirifosa. Preparat se primenjuje u zasadu vinove loze uz utro\u0161ak vode od 600 do 1000 l\/ha (6 do 10l\/m2), a u usevu p\u0161enice sa 200 do 400 l\/ha vode.<br \/>\nPo svom mehanizmu delovanja, piraklostrobin je razvrstan, prema FRAC klasifikaciji u 11, C3 grupu. Fungicidi iz ove grupe visoko su rizi\u010dni za razvoj rezistentnosti. Javlja se ukr\u0161tena rezistentnost izme\u0111u svih Qul fungicida i ne treba ih zajedno primenjivati. Piraklostrobin se mo\u017ee me\u0161ati sa preparatima na bazi boskalida (Bosco) i epoksikonazola (Excorta).<br \/>\n*Preparat Ugo mo\u017ee da se primenjuje u suncokretu, u koli\u010dini 0,4-0,8 l\/ha od faze 7 listova do kraja cvetanja.<\/p>","protected":false},"excerpt":{"rendered":"<p class=\"detail\"><strong>Klasa:<\/strong> Fungicid<\/p>\n<p class=\"detail\"><strong>Aktivna materija:<\/strong> piraklostrobin 250 g\/l<\/p>\n<p class=\"detail\"><strong>Formulacija:<\/strong> koncentrat za emulziju (EC)<\/p>\n<p class=\"detail\"><strong>Pakovanje:<\/strong> 1l<\/p>\n<p class=\"detail\"><strong>Proizvo\u0111a\u010d:<\/strong> Agromarket<\/p>\n<p class=\"detail\"><strong>Karenca:<\/strong> 35 dana vinova loza, 28 dana \u0161e\u0107erna repua, 28 dana p\u0161enica<\/p>\n<p class=\"detail\"><strong>MBT:<\/strong> \u00a03 za vinovu lozu i 2 za p\u0161enicu<\/p>","protected":false},"featured_media":8118,"template":"","meta":[],"product_brand":[529],"product_cat":[415],"product_tag":[688],"class_list":{"0":"post-8080","1":"product","2":"type-product","3":"status-publish","4":"has-post-thumbnail","6":"product_brand-agromarket","7":"product_cat-fungicidi-2","8":"product_tag-piraklostrobin-250-g-l","10":"first","11":"outofstock","12":"product-type-simple"},"_links":{"self":[{"href":"https:\/\/agrarpetrovic.rs\/en\/wp-json\/wp\/v2\/product\/8080","targetHints":{"allow":["GET"]}}],"collection":[{"href":"https:\/\/agrarpetrovic.rs\/en\/wp-json\/wp\/v2\/product"}],"about":[{"href":"https:\/\/agrarpetrovic.rs\/en\/wp-json\/wp\/v2\/types\/product"}],"wp:featuredmedia":[{"embeddable":true,"href":"https:\/\/agrarpetrovic.rs\/en\/wp-json\/wp\/v2\/media\/8118"}],"wp:attachment":[{"href":"https:\/\/agrarpetrovic.rs\/en\/wp-json\/wp\/v2\/media?parent=8080"}],"wp:term":[{"taxonomy":"product_brand","embeddable":true,"href":"https:\/\/agrarpetrovic.rs\/en\/wp-json\/wp\/v2\/product_brand?post=8080"},{"taxonomy":"product_cat","embeddable":true,"href":"https:\/\/agrarpetrovic.rs\/en\/wp-json\/wp\/v2\/product_cat?post=8080"},{"taxonomy":"product_tag","embeddable":true,"href":"https:\/\/agrarpetrovic.rs\/en\/wp-json\/wp\/v2\/product_tag?post=8080"}],"curies":[{"name":"wp","href":"https:\/\/api.w.org\/{rel}","templated":true}]}}