{"id":8082,"date":"2025-09-20T00:11:37","date_gmt":"2025-09-19T22:11:37","guid":{"rendered":"https:\/\/agrarpetrovic.rs\/proizvod\/univoq-fungicide-5-1-fungicid\/"},"modified":"2025-10-23T11:56:43","modified_gmt":"2025-10-23T09:56:43","slug":"univoq-fungicide-5-1-fungicid","status":"publish","type":"product","link":"https:\/\/agrarpetrovic.rs\/en\/proizvod\/univoq-fungicide-5-1-fungicid\/","title":{"rendered":"Univoq fungicide 5\/1 &#8211; fungicid"},"content":{"rendered":"<p>Univoq je fungicid sa preventivnim i kurativnim delovanjem za suzbijanje prouzrokava\u010da glavnih bolesti p\u0161enice, spelte, tritikalea i ra\u017ei (septorioza, r\u0111a, helmintosporioza, fuzarioza, pepelnica i so\u010divaste pegavosti stabla).<\/p>\n<p><strong>Primena<\/strong><\/p>\n<ul>\n<li>P\u0161enica, tritikale, spelta: 2,0 l\/ha, po\u010detak rasta stabljike do kraja cvetanja (BBCH 30-69)<\/li>\n<li>P\u0161enica: 1,5 l\/ha, po\u010detak rasta stabljike do kraja cvetanja (BBCH 30-69)<\/li>\n<li>Ra\u017e: 2,0 l\/ha, po\u010detak rasta stabljike do kraja cvetanja (BBCH 30-69)<\/li>\n<\/ul>\n<p>Koli\u010dina vode: 150 &#8211; 300 litara.<\/p>\n<p><strong>Uslovi primene<\/strong><\/p>\n<p>Ograni\u010dava se na jednu primenu godi\u0161nje radi izbegavanja pojave rezistencije. Preporu\u010duje se da se primenjuje preventivno i u svim slu\u010dajevima pre pojave simptomima. Savetuje se da se na istoj parceli naizmeni\u010dno koriste ili dodaju preparati na bazi aktivnih supstanci razli\u010ditih hemijskih porodica ili razli\u010ditih na\u010dina delovanja, kako tokom sezone jedne kulture, tako i tokom rotacije.<\/p>","protected":false},"excerpt":{"rendered":"<p class=\"detail\"><strong>Klasa:<\/strong> fungicid<\/p>\n<p class=\"detail\"><strong>Aktivna materija:<\/strong> fenpikoksamid 50 g\/l, protiokonazol 100 g\/<\/p>\n<p class=\"detail\"><strong>Formulacija:<\/strong> koncentrat za emulziju<\/p>\n<p class=\"detail\"><strong>Pakovanje:<\/strong> 5l<\/p>\n<p class=\"detail\"><strong>Proizvo\u0111a\u010d:<\/strong> Corteva<\/p>\n<p class=\"detail\"><strong>Karenca:<\/strong><\/p>\n<p class=\"detail\"><strong>MBT:<\/strong><\/p>","protected":false},"featured_media":8120,"template":"","meta":[],"product_brand":[534],"product_cat":[415],"product_tag":[746,747],"class_list":{"0":"post-8082","1":"product","2":"type-product","3":"status-publish","4":"has-post-thumbnail","6":"product_brand-corteva","7":"product_cat-fungicidi-2","8":"product_tag-fenpikoksamid-50-g-l","9":"product_tag-protiokonazol-100-g-l","11":"first","12":"outofstock","13":"product-type-simple"},"_links":{"self":[{"href":"https:\/\/agrarpetrovic.rs\/en\/wp-json\/wp\/v2\/product\/8082","targetHints":{"allow":["GET"]}}],"collection":[{"href":"https:\/\/agrarpetrovic.rs\/en\/wp-json\/wp\/v2\/product"}],"about":[{"href":"https:\/\/agrarpetrovic.rs\/en\/wp-json\/wp\/v2\/types\/product"}],"wp:featuredmedia":[{"embeddable":true,"href":"https:\/\/agrarpetrovic.rs\/en\/wp-json\/wp\/v2\/media\/8120"}],"wp:attachment":[{"href":"https:\/\/agrarpetrovic.rs\/en\/wp-json\/wp\/v2\/media?parent=8082"}],"wp:term":[{"taxonomy":"product_brand","embeddable":true,"href":"https:\/\/agrarpetrovic.rs\/en\/wp-json\/wp\/v2\/product_brand?post=8082"},{"taxonomy":"product_cat","embeddable":true,"href":"https:\/\/agrarpetrovic.rs\/en\/wp-json\/wp\/v2\/product_cat?post=8082"},{"taxonomy":"product_tag","embeddable":true,"href":"https:\/\/agrarpetrovic.rs\/en\/wp-json\/wp\/v2\/product_tag?post=8082"}],"curies":[{"name":"wp","href":"https:\/\/api.w.org\/{rel}","templated":true}]}}