{"id":8085,"date":"2025-09-20T00:11:37","date_gmt":"2025-09-19T22:11:37","guid":{"rendered":"https:\/\/agrarpetrovic.rs\/proizvod\/vantex-60sc-50ml-insekticid\/"},"modified":"2025-10-23T11:56:43","modified_gmt":"2025-10-23T09:56:43","slug":"vantex-60sc-50ml-insekticid","status":"publish","type":"product","link":"https:\/\/agrarpetrovic.rs\/en\/proizvod\/vantex-60sc-50ml-insekticid\/","title":{"rendered":"Vantex 60 SC 50ml &#8211; insekticid"},"content":{"rendered":"<div class=\"product-harvest\">\n<p class=\"detail\">Primena:<\/p>\n<table>\n<thead>\n<tr class=\"bg-7\">\n<th>USEV \/ ZASAD<\/th>\n<th>KOLI\u010cINA PRIMENE<\/th>\n<th>VREME PRIMENE<\/th>\n<\/tr>\n<\/thead>\n<tbody>\n<tr class=\"bg-sec-7\">\n<td class=\"bg-7\"><a href=\"https:\/\/www.agromarketsrbija.rs\/srb\/zastita-bilja\/programi-zastite\/1018\/Jabuka\">JABUKA<\/a><\/td>\n<td>0,004-0,005% (40 &#8211; 50 ml \/1000 l vode)<\/td>\n<td>Po pojavi \u0161teto\u010dina<\/td>\n<\/tr>\n<tr class=\"bg-sec-7\">\n<td class=\"bg-7\"><a href=\"https:\/\/www.agromarketsrbija.rs\/srb\/zastita-bilja\/programi-zastite\/1013\/Kupusasto-povrce\">KUPUS<\/a><\/td>\n<td>0,05 &#8211; 0,07<\/td>\n<td>Po pojavi \u0161teto\u010dina<\/td>\n<\/tr>\n<tr class=\"bg-sec-7\">\n<td class=\"bg-7\"><a href=\"https:\/\/www.agromarketsrbija.rs\/srb\/zastita-bilja\/programi-zastite\/1002\/STRNA-ZITA\">\u017dITARICE<\/a><\/td>\n<td>0,05 &#8211; 0,06<\/td>\n<td>Po pojavi \u0161teto\u010dina<\/td>\n<\/tr>\n<tr class=\"bg-sec-7\">\n<td class=\"bg-7\"><a href=\"https:\/\/www.agromarketsrbija.rs\/srb\/zastita-bilja\/programi-zastite\/1020\/Vinova-loza\">VINOVA LOZA<\/a><\/td>\n<td>0,004-0,006% (40 &#8211; 60 ml\/1000 l vode)<\/td>\n<td>Po pojavi \u0161teto\u010dina<\/td>\n<\/tr>\n<\/tbody>\n<\/table>\n<\/div>\n<div class=\"product-info\">\n<p><strong>DELOVANJE:<\/strong><\/p>\n<p>insekticid poslednje generacije iz grupe\u00a0<em>Piretroidi\u00a0<\/em>sa kontaktnim i digestivnim delovanjem. Kao i ostali insekticidi iz ove grupe, inhibira protok natrijumovih jona kroz nervne membrane. Kontaktno i digestivno delovanje sa izra\u017eenim \u201cknock-down\u201d efektom.<\/p>\n<p><strong>SPEKTAR DELOVANJA:<\/strong><\/p>\n<p>\u017ditna pijavica (<em>Lema melanopus<\/em>), jabukin smotavac (<em>Carpocapsa pomonella<\/em>), zelena jabukina va\u0161 (<em>Aphis pomi<\/em>), gro\u017e\u0111ani moljac (<em>Lobesia botrana<\/em>), gusenica kupusara (<em>Pieris brassicae<\/em>), larve va\u0161i kupusa (<em>Brevicoryne brassicae<\/em>).<\/p>\n<p><strong>PREPORUKE I NAPOMENE<\/strong><\/p>\n<p>kompatibilan je sa ve\u0107inom fungicida i insekticida ali se ne sme me\u0161ati sa Bordovskom \u010dorbom i alkalnim preparatima. Zbog mogu\u0107eg razvoja rezistentnosti insekata i ukr\u0161tene rezistencije, ne primenjivati ga alternativno sa preparatima iz grupe piretroidi.<\/p>\n<p><strong>Izuzetno povoljan odnos doza primene\/ efikasnost preparata\/cena.<\/strong><\/p>\n<\/div>","protected":false},"excerpt":{"rendered":"<p class=\"detail\"><strong>Klasa:<\/strong>\u00a0<span class=\"klasa\">Insekticid<\/span><\/p>\n<p class=\"detail\"><strong>Aktivna materija:<\/strong>\u00a0<span class=\"aktivna-materija\">Gama-cihalotrin 60 g\/l<\/span><\/p>\n<p class=\"detail\"><strong>Formulacija:<\/strong>\u00a0<span class=\"formulacija\">CS &#8211; suspenzija kapsula<\/span><\/p>\n<p class=\"detail\"><strong>Pakovanje:<\/strong>\u00a0<span class=\"pakovanje\">50 ml, 100 ml, 1 l<\/span><\/p>\n<p class=\"detail\"><strong>Proizvo\u0111a\u010d:<\/strong>\u00a0<span class=\"proizvo\u0111a\u010d\">FMC<\/span><\/p>\n<p class=\"detail\"><strong>Karenca:<\/strong>\u00a0<span class=\"karenca\">35 dana &#8211; \u017eitarice; 14 dana &#8211; jabuka, kupus; 21 dan &#8211; vinova loza<\/span><\/p>\n<p class=\"detail\"><strong>MBT:<\/strong>\u00a0<span class=\"mbt\">2<\/span><\/p>","protected":false},"featured_media":8116,"template":"","meta":[],"product_brand":[529],"product_cat":[480],"product_tag":[776],"class_list":{"0":"post-8085","1":"product","2":"type-product","3":"status-publish","4":"has-post-thumbnail","6":"product_brand-agromarket","7":"product_cat-insekticidi-2","8":"product_tag-gama-cihalotrin-60-g-l","10":"first","11":"outofstock","12":"purchasable","13":"product-type-simple"},"_links":{"self":[{"href":"https:\/\/agrarpetrovic.rs\/en\/wp-json\/wp\/v2\/product\/8085","targetHints":{"allow":["GET"]}}],"collection":[{"href":"https:\/\/agrarpetrovic.rs\/en\/wp-json\/wp\/v2\/product"}],"about":[{"href":"https:\/\/agrarpetrovic.rs\/en\/wp-json\/wp\/v2\/types\/product"}],"wp:featuredmedia":[{"embeddable":true,"href":"https:\/\/agrarpetrovic.rs\/en\/wp-json\/wp\/v2\/media\/8116"}],"wp:attachment":[{"href":"https:\/\/agrarpetrovic.rs\/en\/wp-json\/wp\/v2\/media?parent=8085"}],"wp:term":[{"taxonomy":"product_brand","embeddable":true,"href":"https:\/\/agrarpetrovic.rs\/en\/wp-json\/wp\/v2\/product_brand?post=8085"},{"taxonomy":"product_cat","embeddable":true,"href":"https:\/\/agrarpetrovic.rs\/en\/wp-json\/wp\/v2\/product_cat?post=8085"},{"taxonomy":"product_tag","embeddable":true,"href":"https:\/\/agrarpetrovic.rs\/en\/wp-json\/wp\/v2\/product_tag?post=8085"}],"curies":[{"name":"wp","href":"https:\/\/api.w.org\/{rel}","templated":true}]}}