{"id":8087,"date":"2025-09-20T00:11:37","date_gmt":"2025-09-19T22:11:37","guid":{"rendered":"https:\/\/agrarpetrovic.rs\/proizvod\/viballa-1-1-herbicid\/"},"modified":"2025-10-23T11:56:43","modified_gmt":"2025-10-23T09:56:43","slug":"viballa-1-1-herbicid","status":"publish","type":"product","link":"https:\/\/agrarpetrovic.rs\/en\/proizvod\/viballa-1-1-herbicid\/","title":{"rendered":"Viballa 1\/1 &#8211; herbicid"},"content":{"rendered":"<p><strong>Namena<\/strong><\/p>\n<p>Njegova namena je suzbijanje \u0161irokolisnih korova u usevu suncokreta posle nicanja i mo\u017ee se primeniti u svim hibridima. Ima izuzetno dejstvo na \u0161iroki spektar korova. Ono \u0161to ga posebno izdvaja je delovanje na ambroziju koja predstavlja, trenutno, nere\u0161iv problem na\u0161im proizvo\u0111a\u010dima.<\/p>\n<p><strong>Delovanje<\/strong><\/p>\n<p>Viballa je sistemi\u010dni herbicid koji se kre\u0107e i ksilemom i floemom i koji se lako apsorbuje kroz li\u0161\u0107e, stablo i koren. Kada se folijarno nanosi, brzo se prenosi kroz biljku i akumulira u meristemskom tkivu. Deluje i na korove koji pokazuju znake rezistentnosti na ALS inhibitore<\/p>\n<p><strong>Primena<\/strong><\/p>\n<p>Primenjuje se u koli\u010dini od 1l\/ha kada je suncokret u fazi od pojave 4 prava lista do po\u010detka stadijuma butonizacije .<\/p>\n<p>Uspe\u0161no deluje i na: Chenopodium album \u2013 pepeljuga , Xanthium strumarium \u2013 \u010di\u010dak , Amaranthus retroflexus \u2013 \u0161tir , Abutilon theophrasti \u2013 abutilon<\/p>\n<p><strong>Osobine<\/strong><\/p>\n<ul>\n<li>Kontrola ekonomski najzna\u010dajnijih \u0161irokolisnih korova u svim hibridima suncokreta<\/li>\n<li>Efikasno suzbijanje korova u promenljivim klimatskim uslovima (hladni i suvi uslovi)<\/li>\n<li>Mala koli\u010dina primene-manji uticaj na \u017eivotnu sredinu<\/li>\n<li>Novi na\u010din delovanja koji poma\u017ee u upravljanju rezistentnim biotipovima korova<\/li>\n<li>Brza degradacija u zemlji\u0161tu i biljnim tkivima omogu\u0107ava fleksibilnost rotacije useva, ne ograni\u010dava plodored<\/li>\n<\/ul>","protected":false},"excerpt":{"rendered":"<p class=\"detail\"><strong>Klasa:<\/strong> herbicid<\/p>\n<p class=\"detail\"><strong>Aktivna materija: <\/strong>arylex<\/p>\n<p class=\"detail\"><strong>Formulacija:<\/strong> Koncentrat za emulziju (EC)<\/p>\n<p class=\"detail\"><strong>Pakovanje:<\/strong> 1l<\/p>\n<p class=\"detail\"><strong>Proizvo\u0111a\u010d:<\/strong> Corteva<\/p>\n<p class=\"detail\"><strong>Karenca:<\/strong><\/p>\n<p class=\"detail\"><strong>MBT:<\/strong><\/p>","protected":false},"featured_media":8099,"template":"","meta":[],"product_brand":[534],"product_cat":[449],"product_tag":[745],"class_list":{"0":"post-8087","1":"product","2":"type-product","3":"status-publish","4":"has-post-thumbnail","6":"product_brand-corteva","7":"product_cat-herbicidi-2","8":"product_tag-arylex","10":"first","11":"outofstock","12":"product-type-simple"},"_links":{"self":[{"href":"https:\/\/agrarpetrovic.rs\/en\/wp-json\/wp\/v2\/product\/8087","targetHints":{"allow":["GET"]}}],"collection":[{"href":"https:\/\/agrarpetrovic.rs\/en\/wp-json\/wp\/v2\/product"}],"about":[{"href":"https:\/\/agrarpetrovic.rs\/en\/wp-json\/wp\/v2\/types\/product"}],"wp:featuredmedia":[{"embeddable":true,"href":"https:\/\/agrarpetrovic.rs\/en\/wp-json\/wp\/v2\/media\/8099"}],"wp:attachment":[{"href":"https:\/\/agrarpetrovic.rs\/en\/wp-json\/wp\/v2\/media?parent=8087"}],"wp:term":[{"taxonomy":"product_brand","embeddable":true,"href":"https:\/\/agrarpetrovic.rs\/en\/wp-json\/wp\/v2\/product_brand?post=8087"},{"taxonomy":"product_cat","embeddable":true,"href":"https:\/\/agrarpetrovic.rs\/en\/wp-json\/wp\/v2\/product_cat?post=8087"},{"taxonomy":"product_tag","embeddable":true,"href":"https:\/\/agrarpetrovic.rs\/en\/wp-json\/wp\/v2\/product_tag?post=8087"}],"curies":[{"name":"wp","href":"https:\/\/api.w.org\/{rel}","templated":true}]}}