{"id":8088,"date":"2025-09-20T00:11:37","date_gmt":"2025-09-19T22:11:37","guid":{"rendered":"https:\/\/agrarpetrovic.rs\/proizvod\/vivolt-1-1\/"},"modified":"2025-10-23T11:56:43","modified_gmt":"2025-10-23T09:56:43","slug":"vivolt-1-1-herbicid","status":"publish","type":"product","link":"https:\/\/agrarpetrovic.rs\/en\/proizvod\/vivolt-1-1-herbicid\/","title":{"rendered":"Vivolt 1\/1 &#8211; herbicid"},"content":{"rendered":"<p>PRIMENA:<\/p>\n<p>Utro\u0161ak vode 200-300l\/ha u skladu sa herbicidima sa kojima se koristi. Vreme primene mu je odre\u0111eno vremenom primene herbicida sa kojim se koristi. Maksimalan broj tretiranja u toku godine na istoj povr\u0161ini u skladu sa herbicidima sa kojima se koristi (jednom ili dva puta u split aplikaciji).<\/p>\n<p>DELOVANJE:<\/p>\n<p>Vivolt je pomo\u0107no sredstvo &#8211; a\u0111uvant koji smanjuje povr\u0161inski napon vode, pobolj\u0161ava kva\u0161enje lisne povr\u0161ine korova i omogu\u0107ava bolju distribuciju herbicida po tretiranoj povr\u0161ini. Dodaje herbicidima iz grupe sulfonil karbamida, radi bolje prijem\u010divosti preparata na biljku.<\/p>","protected":false},"excerpt":{"rendered":"<p class=\"detail\"><strong>Klasa:<\/strong> herbicid<\/p>\n<p class=\"detail\"><strong>Aktivna materija: <\/strong>Izodecil alkohol etoksilatarylex<\/p>\n<p class=\"detail\"><strong>Formulacija:<\/strong> vodeni rastvor (WS)<\/p>\n<p class=\"detail\"><strong>Pakovanje:<\/strong>\u00a0 1l<\/p>\n<p class=\"detail\"><strong>Proizvo\u0111a\u010d:<\/strong>\u00a0 Corteva<\/p>\n<p class=\"detail\"><strong>Karenca:<\/strong> Obezbe\u0111ena vremenom primene<\/p>\n<p class=\"detail\"><strong>MBT:<\/strong><\/p>","protected":false},"featured_media":8103,"template":"","meta":[],"product_brand":[534],"product_cat":[532],"product_tag":[777],"class_list":{"0":"post-8088","1":"product","2":"type-product","3":"status-publish","4":"has-post-thumbnail","6":"product_brand-corteva","7":"product_cat-hemija","8":"product_tag-izodecil-alkohol-etoksilatarylex","10":"first","11":"outofstock","12":"product-type-simple"},"_links":{"self":[{"href":"https:\/\/agrarpetrovic.rs\/en\/wp-json\/wp\/v2\/product\/8088","targetHints":{"allow":["GET"]}}],"collection":[{"href":"https:\/\/agrarpetrovic.rs\/en\/wp-json\/wp\/v2\/product"}],"about":[{"href":"https:\/\/agrarpetrovic.rs\/en\/wp-json\/wp\/v2\/types\/product"}],"wp:featuredmedia":[{"embeddable":true,"href":"https:\/\/agrarpetrovic.rs\/en\/wp-json\/wp\/v2\/media\/8103"}],"wp:attachment":[{"href":"https:\/\/agrarpetrovic.rs\/en\/wp-json\/wp\/v2\/media?parent=8088"}],"wp:term":[{"taxonomy":"product_brand","embeddable":true,"href":"https:\/\/agrarpetrovic.rs\/en\/wp-json\/wp\/v2\/product_brand?post=8088"},{"taxonomy":"product_cat","embeddable":true,"href":"https:\/\/agrarpetrovic.rs\/en\/wp-json\/wp\/v2\/product_cat?post=8088"},{"taxonomy":"product_tag","embeddable":true,"href":"https:\/\/agrarpetrovic.rs\/en\/wp-json\/wp\/v2\/product_tag?post=8088"}],"curies":[{"name":"wp","href":"https:\/\/api.w.org\/{rel}","templated":true}]}}