{"id":8089,"date":"2025-09-20T00:11:37","date_gmt":"2025-09-19T22:11:37","guid":{"rendered":"https:\/\/agrarpetrovic.rs\/proizvod\/voliam-targo-100-ml-insekticid\/"},"modified":"2025-10-23T11:56:43","modified_gmt":"2025-10-23T09:56:43","slug":"voliam-targo-100-ml-insekticid","status":"publish","type":"product","link":"https:\/\/agrarpetrovic.rs\/en\/proizvod\/voliam-targo-100-ml-insekticid\/","title":{"rendered":"Voliam targo 100 ml &#8211; insekticid"},"content":{"rendered":"<p><strong><span class=\"strong\">Primena:<\/span><\/strong><\/p>\n<p><strong>&#8211;\u00a0kru\u0161ka:<\/strong>\u00a0suzbijanje obi\u010dne kru\u0161kine buve (Cacopsylla pyri) u konc. 0,075-0,11% (7,5-11 ml\/10 l vode) uz dodatak 0,25% mineralnog ulja tretiranjem na po\u010detku piljenja larvi, maksimalno dva puta u toku godine, uz utro\u0161ak vode 600-1000 l\/ha (6-10 l\/100 m\u00b2);<br \/>\n<strong>&#8211;\u00a0jabuka:<\/strong>\u00a0suzbijanje jabukovog smotav<strong>ca (Cydia pomonella)<\/strong> u konc. 0,075-0,11% (7,5-11 ml\/10 l vode) tretiranjem pre po\u010detka piljenja gusenica prve generacije, u fazi pojave crne glave, maksimalno dva puta u toku godine sa intervalom izme\u0111u tretiranja 10-14 dana, uz utro\u0161ak vode 600-1000 l\/ha (6-10 l\/100 m\u00b2);<br \/>\n<strong>&#8211;\u00a0paradajz:<\/strong>\u00a0suzbijanje moljca\u00a0paradajza\u00a0(Tuta absoluta) u kol. 0,8-1 l\/ha (8-10 ml\/100 m\u00b2) uz dodatak okva\u0161iva\u010da Etalfix Pro 0,3-0,5 l\/ha (3-5 ml\/100 m\u00b2), maksimalno \u010detiri puta u toku godine, uz utro\u0161ak vode 200-400 l\/ha (2-4 l\/100 m\u00b2).<\/p>\n<p>Voliam Targo 063 SC je visoko efikasan insekticid namenjen za\u0161titi poljoprivrednih kultura od \u0161irokog spektra \u0161tetnih insekata. Ovaj preparat deluje kontaktno i digestivno, pru\u017eaju\u0107i dugotrajnu za\u0161titu zahvaljuju\u0107i jedinstvenoj kombinaciji aktivnih materija: 45 g\/l hlorantraniliprola i 18 g\/l abamektina. Posebno je formulisano za efikasno suzbijanje \u0161teto\u010dina kao \u0161to su jabukov smotavac (<i>Cydia pomonella<\/i>) u jabukama, obi\u010dna kru\u0161kina buva (<i>Cacopsylla pyri<\/i>) u kru\u0161kama, breskvin smotavac (<i>Cydia molesta<\/i>) i breskvin moljac (<i>Anarsia lineatella<\/i>) u breskvama, te moljac paradajza (<i>Tuta absoluta<\/i>) u paradajzu.<\/p>\n<p>Jedinstvena formulacija ovog insekticida omogu\u0107ava brzo i dugotrajno dejstvo na ciljane \u0161teto\u010dine, smanjuju\u0107i njihovu brojnost i spre\u010davaju\u0107i dalje \u0161irenje u usevima. Zahvaljuju\u0107i svojoj sposobnosti da prodire u biljno tkivo, preparat pru\u017ea dugotrajnu za\u0161titu i smanjuje potrebu za \u010destim tretmanima. Ovaj insekticid je odli\u010dan izbor za proizvo\u0111a\u010de koji \u017eele da o\u010duvaju visoke prinose i kvalitet svojih proizvoda.<\/p>\n<div class=\"mehanizam-delovanja\"><strong>Mehanizam i na\u010din delovanja<\/strong><\/div>\n<div><\/div>\n<div class=\"mehanizam-delovanja\">&#8211; Hlorantraniliprol: Modulatori rijanodinskih receptora (diamidi) (IRAC: 28)<br \/>\n&#8211; Abamektin: Alosteri\u010dni modulatori glutamat &#8211; regulisanih kanala za jone hlora (GluCl) (avermektini) (IRAC: 6)<\/div>\n<div><\/div>\n<div class=\"napomena\"><strong>Napomena:<\/strong><\/div>\n<div><\/div>\n<div class=\"napomena\">&#8211; Ne primenjivati alternativno ovaj preparat sa preparatima na bazi abamektina i preparatima na bazi hlorantraniliprola zbog mogu\u0107nosti razvoja ukr\u0161tene rezistentnosti.<br \/>\n&#8211; Zbog potencijalnog razvoja rezistentnosti jabukovog smotavca na hlorantraniliprol i obi\u010dne kru\u0161kine buve na abamektin, ne primenjivati ovaj preparat u zasadima jabuke i kru\u0161ke vi\u0161e od 2 puta.<br \/>\n&#8211; Zbog toksi\u010dnosti za p\u010dele, ne primenjivati ovaj preparat u vreme cvetanja useva i zasada.<br \/>\n&#8211; Preparat ne primenjivati u zasadu kru\u0161ke kada spoljna temperatura prelazi 28 C, jer u takvim uslovima efekat preparata mo\u017ee izostati.<\/div>","protected":false},"excerpt":{"rendered":"<p class=\"detail\"><strong>Klasa:<\/strong> insekticid<\/p>\n<p class=\"detail\"><strong>Aktivna materija: <\/strong>hlorantraniliprol + abamektin (45 + 18 g\/l)<\/p>\n<p class=\"detail\"><strong>Formulacija:<\/strong> Koncentrovana suspenzija (SC)<\/p>\n<p class=\"detail\"><strong>Pakovanje:<\/strong> 100ml<\/p>\n<p class=\"detail\"><strong>Proizvo\u0111a\u010d:<\/strong> Syngenta<\/p>\n<p class=\"detail\"><strong>Karenca: <\/strong>14 &#8211; jabuka i kru\u0161ka; 3 &#8211; paradajz<\/p>\n<p class=\"detail\"><strong>MBT: <\/strong>2 puta &#8211; jabuka, kru\u0161ka; 4 puta &#8211; paradajz<\/p>","protected":false},"featured_media":8109,"template":"","meta":[],"product_brand":[531],"product_cat":[480],"product_tag":[778],"class_list":{"0":"post-8089","1":"product","2":"type-product","3":"status-publish","4":"has-post-thumbnail","6":"product_brand-sygenta","7":"product_cat-insekticidi-2","8":"product_tag-hlorantraniliprol-abamektin-45-18-g-l","10":"first","11":"outofstock","12":"purchasable","13":"product-type-simple"},"_links":{"self":[{"href":"https:\/\/agrarpetrovic.rs\/en\/wp-json\/wp\/v2\/product\/8089","targetHints":{"allow":["GET"]}}],"collection":[{"href":"https:\/\/agrarpetrovic.rs\/en\/wp-json\/wp\/v2\/product"}],"about":[{"href":"https:\/\/agrarpetrovic.rs\/en\/wp-json\/wp\/v2\/types\/product"}],"wp:featuredmedia":[{"embeddable":true,"href":"https:\/\/agrarpetrovic.rs\/en\/wp-json\/wp\/v2\/media\/8109"}],"wp:attachment":[{"href":"https:\/\/agrarpetrovic.rs\/en\/wp-json\/wp\/v2\/media?parent=8089"}],"wp:term":[{"taxonomy":"product_brand","embeddable":true,"href":"https:\/\/agrarpetrovic.rs\/en\/wp-json\/wp\/v2\/product_brand?post=8089"},{"taxonomy":"product_cat","embeddable":true,"href":"https:\/\/agrarpetrovic.rs\/en\/wp-json\/wp\/v2\/product_cat?post=8089"},{"taxonomy":"product_tag","embeddable":true,"href":"https:\/\/agrarpetrovic.rs\/en\/wp-json\/wp\/v2\/product_tag?post=8089"}],"curies":[{"name":"wp","href":"https:\/\/api.w.org\/{rel}","templated":true}]}}