{"id":8885,"date":"2025-10-27T11:48:44","date_gmt":"2025-10-27T10:48:44","guid":{"rendered":"https:\/\/agrarpetrovic.rs\/?post_type=product&#038;p=8885"},"modified":"2025-10-27T17:31:48","modified_gmt":"2025-10-27T16:31:48","slug":"lovacka-cizma-aljaska","status":"publish","type":"product","link":"https:\/\/agrarpetrovic.rs\/en\/proizvod\/lovacka-cizma-aljaska\/","title":{"rendered":"Lova\u010dka \u010dizma Aljaska"},"content":{"rendered":"","protected":false},"excerpt":{"rendered":"<p>Naslednica \u010duvene Tigrove \u201dKanade\u201d, ru\u010dno napravljena u Srbiji, \u010dizma sa gumiranim nastavkom i filcanom postavom idealna je za lov u zimskom periodu i namenjena terenima pokrivenim snegom. Gornji kai\u0161 na \u010dizmi ne samo da omogu\u0107ava prilago\u0111avanje otvora \u010dizme obliku lista, ve\u0107 obezbe\u0111uje \u010dvrsto prianjanje gumiranog nastavka uz nogu i na taj na\u010din onemogu\u0107ava prodiranje snega unutar \u010dizme. \u010cizma je oja\u010dana \u010deli\u010dnim glenkom ugra\u0111enim u \u0111on \u0161to obezbe\u0111uje dodatnu sigurnost.<\/p>\n<p>&#8211; Lice: kau\u010duk, gum. nastavak sa gurtnom<br \/>\n&#8211; Postava: zeleni neopren 3 mm<br \/>\n&#8211; \u0110on: presovan, \u010deli\u010dni glenak<\/p>","protected":false},"featured_media":8886,"template":"","meta":[],"product_brand":[865],"product_cat":[864],"product_tag":[],"class_list":{"0":"post-8885","1":"product","2":"type-product","3":"status-publish","4":"has-post-thumbnail","6":"product_brand-tigar","7":"product_cat-lovacke-cizme","9":"first","10":"instock","11":"shipping-taxable","12":"purchasable","13":"product-type-variable"},"_links":{"self":[{"href":"https:\/\/agrarpetrovic.rs\/en\/wp-json\/wp\/v2\/product\/8885","targetHints":{"allow":["GET"]}}],"collection":[{"href":"https:\/\/agrarpetrovic.rs\/en\/wp-json\/wp\/v2\/product"}],"about":[{"href":"https:\/\/agrarpetrovic.rs\/en\/wp-json\/wp\/v2\/types\/product"}],"wp:featuredmedia":[{"embeddable":true,"href":"https:\/\/agrarpetrovic.rs\/en\/wp-json\/wp\/v2\/media\/8886"}],"wp:attachment":[{"href":"https:\/\/agrarpetrovic.rs\/en\/wp-json\/wp\/v2\/media?parent=8885"}],"wp:term":[{"taxonomy":"product_brand","embeddable":true,"href":"https:\/\/agrarpetrovic.rs\/en\/wp-json\/wp\/v2\/product_brand?post=8885"},{"taxonomy":"product_cat","embeddable":true,"href":"https:\/\/agrarpetrovic.rs\/en\/wp-json\/wp\/v2\/product_cat?post=8885"},{"taxonomy":"product_tag","embeddable":true,"href":"https:\/\/agrarpetrovic.rs\/en\/wp-json\/wp\/v2\/product_tag?post=8885"}],"curies":[{"name":"wp","href":"https:\/\/api.w.org\/{rel}","templated":true}]}}