{"id":8916,"date":"2025-10-27T13:44:00","date_gmt":"2025-10-27T12:44:00","guid":{"rendered":"https:\/\/agrarpetrovic.rs\/?post_type=product&#038;p=8916"},"modified":"2025-10-27T17:31:20","modified_gmt":"2025-10-27T16:31:20","slug":"lovacka-cizma-one","status":"publish","type":"product","link":"https:\/\/agrarpetrovic.rs\/en\/proizvod\/lovacka-cizma-one\/","title":{"rendered":"Lova\u010dka \u010dizma One"},"content":{"rendered":"","protected":false},"excerpt":{"rendered":"<p>Ru\u010dno napravljena u Srbiji, ekstra laka \u010dizma (750g\/kom ) pogodna za dugo pe\u0161a\u010denje, naro\u010dito u letnjem periodu. Kai\u0161 sa \u0161nalom omogu\u0107ava lako prilago\u0111avanje obliku i veli\u010dini lista.<\/p>\n<p>&#8211; Boja: zelena<br \/>\n&#8211; Lice: prirodni i sinteti\u010dki kau\u010duk, kai\u0161<br \/>\n&#8211; Postava: pamu\u010dni crni triko<br \/>\n&#8211; \u0110on: presovan<\/p>","protected":false},"featured_media":8917,"template":"","meta":[],"product_brand":[865],"product_cat":[864],"product_tag":[],"class_list":{"0":"post-8916","1":"product","2":"type-product","3":"status-publish","4":"has-post-thumbnail","6":"product_brand-tigar","7":"product_cat-lovacke-cizme","9":"first","10":"instock","11":"shipping-taxable","12":"purchasable","13":"product-type-variable"},"_links":{"self":[{"href":"https:\/\/agrarpetrovic.rs\/en\/wp-json\/wp\/v2\/product\/8916","targetHints":{"allow":["GET"]}}],"collection":[{"href":"https:\/\/agrarpetrovic.rs\/en\/wp-json\/wp\/v2\/product"}],"about":[{"href":"https:\/\/agrarpetrovic.rs\/en\/wp-json\/wp\/v2\/types\/product"}],"wp:featuredmedia":[{"embeddable":true,"href":"https:\/\/agrarpetrovic.rs\/en\/wp-json\/wp\/v2\/media\/8917"}],"wp:attachment":[{"href":"https:\/\/agrarpetrovic.rs\/en\/wp-json\/wp\/v2\/media?parent=8916"}],"wp:term":[{"taxonomy":"product_brand","embeddable":true,"href":"https:\/\/agrarpetrovic.rs\/en\/wp-json\/wp\/v2\/product_brand?post=8916"},{"taxonomy":"product_cat","embeddable":true,"href":"https:\/\/agrarpetrovic.rs\/en\/wp-json\/wp\/v2\/product_cat?post=8916"},{"taxonomy":"product_tag","embeddable":true,"href":"https:\/\/agrarpetrovic.rs\/en\/wp-json\/wp\/v2\/product_tag?post=8916"}],"curies":[{"name":"wp","href":"https:\/\/api.w.org\/{rel}","templated":true}]}}