{"id":8923,"date":"2025-10-27T14:52:45","date_gmt":"2025-10-27T13:52:45","guid":{"rendered":"https:\/\/agrarpetrovic.rs\/?post_type=product&#038;p=8923"},"modified":"2025-10-27T17:31:12","modified_gmt":"2025-10-27T16:31:12","slug":"visoka-cizma-sa-uloskom","status":"publish","type":"product","link":"https:\/\/agrarpetrovic.rs\/en\/proizvod\/visoka-cizma-sa-uloskom\/","title":{"rendered":"Visoka \u010dizma sa ulo\u0161kom"},"content":{"rendered":"","protected":false},"excerpt":{"rendered":"<p>Najprodavanija i natra\u017eenija Tigrova lova\u010dka \u010dizma. Neprikosnovena za lov u zimskom periodu, zahvaljuju\u0107i krznenoj postavi koja pru\u017ea ose\u0107aj toplote i udobnosti.<\/p>\n<p>&#8211; Visina: No 42-400 mm<br \/>\n&#8211; Boja: braon<br \/>\n&#8211; Lice: prirodni i sint. kau\u010duk, pertle<br \/>\n&#8211; Postava: krzno<br \/>\n&#8211; \u0110on: presovan<\/p>","protected":false},"featured_media":8924,"template":"","meta":[],"product_brand":[865],"product_cat":[864],"product_tag":[],"class_list":{"0":"post-8923","1":"product","2":"type-product","3":"status-publish","4":"has-post-thumbnail","6":"product_brand-tigar","7":"product_cat-lovacke-cizme","9":"first","10":"instock","11":"shipping-taxable","12":"purchasable","13":"product-type-variable"},"_links":{"self":[{"href":"https:\/\/agrarpetrovic.rs\/en\/wp-json\/wp\/v2\/product\/8923","targetHints":{"allow":["GET"]}}],"collection":[{"href":"https:\/\/agrarpetrovic.rs\/en\/wp-json\/wp\/v2\/product"}],"about":[{"href":"https:\/\/agrarpetrovic.rs\/en\/wp-json\/wp\/v2\/types\/product"}],"wp:featuredmedia":[{"embeddable":true,"href":"https:\/\/agrarpetrovic.rs\/en\/wp-json\/wp\/v2\/media\/8924"}],"wp:attachment":[{"href":"https:\/\/agrarpetrovic.rs\/en\/wp-json\/wp\/v2\/media?parent=8923"}],"wp:term":[{"taxonomy":"product_brand","embeddable":true,"href":"https:\/\/agrarpetrovic.rs\/en\/wp-json\/wp\/v2\/product_brand?post=8923"},{"taxonomy":"product_cat","embeddable":true,"href":"https:\/\/agrarpetrovic.rs\/en\/wp-json\/wp\/v2\/product_cat?post=8923"},{"taxonomy":"product_tag","embeddable":true,"href":"https:\/\/agrarpetrovic.rs\/en\/wp-json\/wp\/v2\/product_tag?post=8923"}],"curies":[{"name":"wp","href":"https:\/\/api.w.org\/{rel}","templated":true}]}}