{"id":8930,"date":"2025-10-27T14:57:27","date_gmt":"2025-10-27T13:57:27","guid":{"rendered":"https:\/\/agrarpetrovic.rs\/?post_type=product&#038;p=8930"},"modified":"2025-10-27T17:31:04","modified_gmt":"2025-10-27T16:31:04","slug":"cizma-filcana","status":"publish","type":"product","link":"https:\/\/agrarpetrovic.rs\/en\/proizvod\/cizma-filcana\/","title":{"rendered":"\u010cizma filcana"},"content":{"rendered":"","protected":false},"excerpt":{"rendered":"<p>Visoka radna gumena \u010dizma koristi se za obavljanje poljoprivrednih poslova, kao i za rad na povr\u0161inskim kopovima uglja i u industriji gde je potrebna za\u0161tita stopala od vlage i hladno\u0107e. Pogodna je za upotrebu u zimskim mesecima.<\/p>\n<p>&#8211; Visina: No 42-380 mm<br \/>\n&#8211; Boja: crna<br \/>\n&#8211; Lice: prirodni i sint. kau\u010duk<br \/>\n&#8211; Postava: filc sivi<br \/>\n&#8211; \u0110on: kalandriran, prirodni kau\u010duk<\/p>","protected":false},"featured_media":8931,"template":"","meta":[],"product_brand":[865],"product_cat":[864],"product_tag":[],"class_list":{"0":"post-8930","1":"product","2":"type-product","3":"status-publish","4":"has-post-thumbnail","6":"product_brand-tigar","7":"product_cat-lovacke-cizme","9":"first","10":"instock","11":"shipping-taxable","12":"purchasable","13":"product-type-variable"},"_links":{"self":[{"href":"https:\/\/agrarpetrovic.rs\/en\/wp-json\/wp\/v2\/product\/8930","targetHints":{"allow":["GET"]}}],"collection":[{"href":"https:\/\/agrarpetrovic.rs\/en\/wp-json\/wp\/v2\/product"}],"about":[{"href":"https:\/\/agrarpetrovic.rs\/en\/wp-json\/wp\/v2\/types\/product"}],"wp:featuredmedia":[{"embeddable":true,"href":"https:\/\/agrarpetrovic.rs\/en\/wp-json\/wp\/v2\/media\/8931"}],"wp:attachment":[{"href":"https:\/\/agrarpetrovic.rs\/en\/wp-json\/wp\/v2\/media?parent=8930"}],"wp:term":[{"taxonomy":"product_brand","embeddable":true,"href":"https:\/\/agrarpetrovic.rs\/en\/wp-json\/wp\/v2\/product_brand?post=8930"},{"taxonomy":"product_cat","embeddable":true,"href":"https:\/\/agrarpetrovic.rs\/en\/wp-json\/wp\/v2\/product_cat?post=8930"},{"taxonomy":"product_tag","embeddable":true,"href":"https:\/\/agrarpetrovic.rs\/en\/wp-json\/wp\/v2\/product_tag?post=8930"}],"curies":[{"name":"wp","href":"https:\/\/api.w.org\/{rel}","templated":true}]}}