{"id":8934,"date":"2025-10-27T15:07:02","date_gmt":"2025-10-27T14:07:02","guid":{"rendered":"https:\/\/agrarpetrovic.rs\/?post_type=product&#038;p=8934"},"modified":"2025-10-27T17:30:53","modified_gmt":"2025-10-27T16:30:53","slug":"lovacka-cizma-highladnder","status":"publish","type":"product","link":"https:\/\/agrarpetrovic.rs\/en\/proizvod\/lovacka-cizma-highladnder\/","title":{"rendered":"Lova\u010dka \u010dizma HIGHLADNDER"},"content":{"rendered":"","protected":false},"excerpt":{"rendered":"<p>Zimska \u010dizma, ru\u010dno napravljena u Srbiji, pru\u017ea zadovoljstvo u lovu i u ekstremno hladnim uslovima.<br \/>\nPostava ka\u0161irana neoprenom debljine 3mm zadr\u017eava toplotu nogu i posle vi\u0161e\u010dasovnog zimskog lova.<\/p>\n<p>Zahvaljuju\u0107i standardnim dodacima, kao \u0161to su kai\u0161 koji se lako pode\u0161ava, \u010deli\u010dni glenak i petni izuva\u010d, lov i u zimskom periodu postaje sigurno zadovoljstvo.<\/p>\n<p>Boja: Zelena<br \/>\nLice: Prirodni i sinteti\u010dki kau\u010duk, kai\u0161, petni izuva\u010d<br \/>\nPostava: Zeleni neopren 3 mm<br \/>\nDjon: Presovan, \u010deli\u010dni glenak<\/p>","protected":false},"featured_media":8935,"template":"","meta":[],"product_brand":[865],"product_cat":[864],"product_tag":[],"class_list":{"0":"post-8934","1":"product","2":"type-product","3":"status-publish","4":"has-post-thumbnail","6":"product_brand-tigar","7":"product_cat-lovacke-cizme","9":"first","10":"instock","11":"shipping-taxable","12":"purchasable","13":"product-type-variable"},"_links":{"self":[{"href":"https:\/\/agrarpetrovic.rs\/en\/wp-json\/wp\/v2\/product\/8934","targetHints":{"allow":["GET"]}}],"collection":[{"href":"https:\/\/agrarpetrovic.rs\/en\/wp-json\/wp\/v2\/product"}],"about":[{"href":"https:\/\/agrarpetrovic.rs\/en\/wp-json\/wp\/v2\/types\/product"}],"wp:featuredmedia":[{"embeddable":true,"href":"https:\/\/agrarpetrovic.rs\/en\/wp-json\/wp\/v2\/media\/8935"}],"wp:attachment":[{"href":"https:\/\/agrarpetrovic.rs\/en\/wp-json\/wp\/v2\/media?parent=8934"}],"wp:term":[{"taxonomy":"product_brand","embeddable":true,"href":"https:\/\/agrarpetrovic.rs\/en\/wp-json\/wp\/v2\/product_brand?post=8934"},{"taxonomy":"product_cat","embeddable":true,"href":"https:\/\/agrarpetrovic.rs\/en\/wp-json\/wp\/v2\/product_cat?post=8934"},{"taxonomy":"product_tag","embeddable":true,"href":"https:\/\/agrarpetrovic.rs\/en\/wp-json\/wp\/v2\/product_tag?post=8934"}],"curies":[{"name":"wp","href":"https:\/\/api.w.org\/{rel}","templated":true}]}}