{"id":8941,"date":"2025-10-27T15:27:41","date_gmt":"2025-10-27T14:27:41","guid":{"rendered":"https:\/\/agrarpetrovic.rs\/?post_type=product&#038;p=8941"},"modified":"2025-12-17T15:41:36","modified_gmt":"2025-12-17T14:41:36","slug":"lovacka-cizma-kanada","status":"publish","type":"product","link":"https:\/\/agrarpetrovic.rs\/en\/proizvod\/lovacka-cizma-kanada\/","title":{"rendered":"Lova\u010dka \u010dizma Kanada"},"content":{"rendered":"","protected":false},"excerpt":{"rendered":"<p>Najprodavanija i natra\u017eenija Tigrova lova\u010dka \u010dizma. Neprikosnovena za lov u zimskom periodu, zahvaljuju\u0107i krznenoj postavi koja pru\u017ea ose\u0107aj toplote i udobnosti.<\/p>\n<p>Boja: braon<br \/>\nLice: prirodni i sinteti\u010dki kau\u010duk, pertle<br \/>\nPostava: krzno<br \/>\n\u0110on: presovan<\/p>","protected":false},"featured_media":8942,"template":"","meta":[],"product_brand":[865],"product_cat":[864],"product_tag":[],"class_list":{"0":"post-8941","1":"product","2":"type-product","3":"status-publish","4":"has-post-thumbnail","6":"product_brand-tigar","7":"product_cat-lovacke-cizme","9":"first","10":"instock","11":"shipping-taxable","12":"purchasable","13":"product-type-variable"},"_links":{"self":[{"href":"https:\/\/agrarpetrovic.rs\/en\/wp-json\/wp\/v2\/product\/8941","targetHints":{"allow":["GET"]}}],"collection":[{"href":"https:\/\/agrarpetrovic.rs\/en\/wp-json\/wp\/v2\/product"}],"about":[{"href":"https:\/\/agrarpetrovic.rs\/en\/wp-json\/wp\/v2\/types\/product"}],"wp:featuredmedia":[{"embeddable":true,"href":"https:\/\/agrarpetrovic.rs\/en\/wp-json\/wp\/v2\/media\/8942"}],"wp:attachment":[{"href":"https:\/\/agrarpetrovic.rs\/en\/wp-json\/wp\/v2\/media?parent=8941"}],"wp:term":[{"taxonomy":"product_brand","embeddable":true,"href":"https:\/\/agrarpetrovic.rs\/en\/wp-json\/wp\/v2\/product_brand?post=8941"},{"taxonomy":"product_cat","embeddable":true,"href":"https:\/\/agrarpetrovic.rs\/en\/wp-json\/wp\/v2\/product_cat?post=8941"},{"taxonomy":"product_tag","embeddable":true,"href":"https:\/\/agrarpetrovic.rs\/en\/wp-json\/wp\/v2\/product_tag?post=8941"}],"curies":[{"name":"wp","href":"https:\/\/api.w.org\/{rel}","templated":true}]}}