{"id":9000,"date":"2025-12-17T12:34:04","date_gmt":"2025-12-17T11:34:04","guid":{"rendered":"https:\/\/agrarpetrovic.rs\/?post_type=product&#038;p=9000"},"modified":"2025-12-17T12:34:04","modified_gmt":"2025-12-17T11:34:04","slug":"soluveg-essentiel-16-5-25-2mgo-te-25-1","status":"publish","type":"product","link":"https:\/\/agrarpetrovic.rs\/en\/proizvod\/soluveg-essentiel-16-5-25-2mgo-te-25-1\/","title":{"rendered":"Soluveg Essentiel 16-5-25 2MgO + TE 25\/1"},"content":{"rendered":"<p data-start=\"287\" data-end=\"586\"><strong data-start=\"287\" data-end=\"329\">Soluveg Essentiel 16-5-25 + 2 MgO + TE<\/strong> je visokokvalitetno, potpuno <strong data-start=\"359\" data-end=\"391\">vodotopivo mineralno \u0111ubrivo<\/strong> namenjeno intenzivnoj ishrani biljaka u klju\u010dnim fazama rasta i razvoja. Posebno je prilago\u0111eno fazama <strong data-start=\"495\" data-end=\"536\">cvetanja, zametanja i porasta plodova<\/strong>, kada biljke imaju pove\u0107ane potrebe za kalijumom.<\/p>\n<p data-start=\"588\" data-end=\"697\">Formulacija sa <strong data-start=\"603\" data-end=\"647\">pove\u0107anim sadr\u017eajem kalijuma (K\u2082O \u2013 25%)<\/strong>, uz uravnote\u017een odnos azota i fosfora, omogu\u0107ava:<\/p>\n<ul data-start=\"698\" data-end=\"846\">\n<li data-start=\"698\" data-end=\"721\">\n<p data-start=\"700\" data-end=\"721\">bolji razvoj plodova,<\/p>\n<\/li>\n<li data-start=\"722\" data-end=\"766\">\n<p data-start=\"724\" data-end=\"766\">pobolj\u0161an kvalitet i ujedna\u010denost prinosa,<\/p>\n<\/li>\n<li data-start=\"767\" data-end=\"846\">\n<p data-start=\"769\" data-end=\"846\">pove\u0107anu otpornost biljaka na stres (su\u0161a, temperaturne oscilacije, bolesti).<\/p>\n<\/li>\n<\/ul>\n<p data-start=\"848\" data-end=\"1071\">Dodatak <strong data-start=\"856\" data-end=\"882\">magnezijuma (MgO \u2013 2%)<\/strong> doprinosi intenzivnijoj fotosintezi i zdravijoj lisnoj masi, dok <strong data-start=\"948\" data-end=\"970\">mikroelementi (TE)<\/strong> obezbe\u0111uju pravilno funkcionisanje metaboli\u010dkih procesa i spre\u010davaju pojavu nutritivnih nedostataka.<\/p>\n<p data-start=\"1073\" data-end=\"1148\">\u0110ubrivo se odlikuje <strong data-start=\"1093\" data-end=\"1122\">izuzetnom rastvorljivo\u0161\u0107u<\/strong>, \u0161to ga \u010dini idealnim za:<\/p>\n<ul data-start=\"1149\" data-end=\"1253\">\n<li data-start=\"1149\" data-end=\"1207\">\n<p data-start=\"1151\" data-end=\"1207\"><strong data-start=\"1151\" data-end=\"1166\">fertigaciju<\/strong> (primenu kroz sisteme za navodnjavanje),<\/p>\n<\/li>\n<li data-start=\"1208\" data-end=\"1253\">\n<p data-start=\"1210\" data-end=\"1253\"><strong data-start=\"1210\" data-end=\"1232\">folijarnu prihranu<\/strong> (prskanjem listova).<\/p>\n<\/li>\n<\/ul>\n<h3 data-start=\"1255\" data-end=\"1269\"><strong data-start=\"1259\" data-end=\"1269\">Sastav<\/strong><\/h3>\n<ul data-start=\"1270\" data-end=\"1463\">\n<li data-start=\"1270\" data-end=\"1299\">\n<p data-start=\"1272\" data-end=\"1299\">Ukupni azot (N): <strong data-start=\"1289\" data-end=\"1297\">16 %<\/strong><\/p>\n<\/li>\n<li data-start=\"1300\" data-end=\"1326\">\n<p data-start=\"1302\" data-end=\"1326\">Fosfor (P\u2082O\u2085): <strong data-start=\"1317\" data-end=\"1324\">5 %<\/strong><\/p>\n<\/li>\n<li data-start=\"1327\" data-end=\"1354\">\n<p data-start=\"1329\" data-end=\"1354\">Kalijum (K\u2082O): <strong data-start=\"1344\" data-end=\"1352\">25 %<\/strong><\/p>\n<\/li>\n<li data-start=\"1355\" data-end=\"1384\">\n<p data-start=\"1357\" data-end=\"1384\">Magnezijum (MgO): <strong data-start=\"1375\" data-end=\"1382\">2 %<\/strong><\/p>\n<\/li>\n<li data-start=\"1385\" data-end=\"1463\">\n<p data-start=\"1387\" data-end=\"1463\">Mikroelementi (TE): <strong data-start=\"1407\" data-end=\"1428\">Fe, Mn, Zn, Cu, B<\/strong> (u biljkama lako dostupnom obliku)<\/p>\n<\/li>\n<\/ul>\n<h3 data-start=\"1465\" data-end=\"1492\"><strong data-start=\"1469\" data-end=\"1492\">Prednosti proizvoda<\/strong><\/h3>\n<ul data-start=\"1493\" data-end=\"1705\">\n<li data-start=\"1493\" data-end=\"1538\">\n<p data-start=\"1495\" data-end=\"1538\">Visok sadr\u017eaj kalijuma za kvalitetan plod<\/p>\n<\/li>\n<li data-start=\"1539\" data-end=\"1569\">\n<p data-start=\"1541\" data-end=\"1569\">Brza i efikasna apsorpcija<\/p>\n<\/li>\n<li data-start=\"1570\" data-end=\"1610\">\n<p data-start=\"1572\" data-end=\"1610\">Pogodno za sve sisteme navodnjavanja<\/p>\n<\/li>\n<li data-start=\"1611\" data-end=\"1652\">\n<p data-start=\"1613\" data-end=\"1652\">Nema taloga \u2013 bez zapu\u0161avanja sistema<\/p>\n<\/li>\n<li data-start=\"1653\" data-end=\"1705\">\n<p data-start=\"1655\" data-end=\"1705\">Univerzalna primena u razli\u010ditim fazama vegetacije<\/p>\n<\/li>\n<\/ul>\n<h3 data-start=\"1707\" data-end=\"1735\"><strong data-start=\"1711\" data-end=\"1735\">Preporu\u010dena upotreba<\/strong><\/h3>\n<ul data-start=\"1736\" data-end=\"1890\">\n<li data-start=\"1736\" data-end=\"1801\">\n<p data-start=\"1738\" data-end=\"1801\">Povrtarske kulture (paradajz, paprika, krastavac, krompir itd.)<\/p>\n<\/li>\n<li data-start=\"1802\" data-end=\"1820\">\n<p data-start=\"1804\" data-end=\"1820\">Vo\u0107arske kulture<\/p>\n<\/li>\n<li data-start=\"1821\" data-end=\"1834\">\n<p data-start=\"1823\" data-end=\"1834\">Vinova loza<\/p>\n<\/li>\n<li data-start=\"1835\" data-end=\"1850\">\n<p data-start=\"1837\" data-end=\"1850\">Ukrasno bilje<\/p>\n<\/li>\n<li data-start=\"1851\" data-end=\"1890\">\n<p data-start=\"1853\" data-end=\"1890\">Plasteni\u010dka i stakleni\u010dka proizvodnja<\/p>\n<\/li>\n<\/ul>","protected":false},"excerpt":{"rendered":"<p><strong data-start=\"2071\" data-end=\"2113\">Soluveg Essentiel 16-5-25 + 2 MgO + TE<\/strong> je potpuno vodotopivo NPK \u0111ubrivo sa nagla\u0161enim sadr\u017eajem kalijuma, namenjeno intenzivnoj prihrani biljaka tokom cvetanja i formiranja plodova. Obezbe\u0111uje sna\u017ean rast, kvalitetan prinos i ve\u0107u otpornost biljaka.<\/p>\n<p>&nbsp;<\/p>","protected":false},"featured_media":8970,"template":"","meta":[],"product_brand":[876],"product_cat":[201],"product_tag":[],"class_list":{"0":"post-9000","1":"product","2":"type-product","3":"status-publish","4":"has-post-thumbnail","6":"product_brand-angibaud","7":"product_cat-vodotopiva-djubriva","9":"first","10":"instock","11":"shipping-taxable","12":"product-type-simple"},"_links":{"self":[{"href":"https:\/\/agrarpetrovic.rs\/en\/wp-json\/wp\/v2\/product\/9000","targetHints":{"allow":["GET"]}}],"collection":[{"href":"https:\/\/agrarpetrovic.rs\/en\/wp-json\/wp\/v2\/product"}],"about":[{"href":"https:\/\/agrarpetrovic.rs\/en\/wp-json\/wp\/v2\/types\/product"}],"wp:featuredmedia":[{"embeddable":true,"href":"https:\/\/agrarpetrovic.rs\/en\/wp-json\/wp\/v2\/media\/8970"}],"wp:attachment":[{"href":"https:\/\/agrarpetrovic.rs\/en\/wp-json\/wp\/v2\/media?parent=9000"}],"wp:term":[{"taxonomy":"product_brand","embeddable":true,"href":"https:\/\/agrarpetrovic.rs\/en\/wp-json\/wp\/v2\/product_brand?post=9000"},{"taxonomy":"product_cat","embeddable":true,"href":"https:\/\/agrarpetrovic.rs\/en\/wp-json\/wp\/v2\/product_cat?post=9000"},{"taxonomy":"product_tag","embeddable":true,"href":"https:\/\/agrarpetrovic.rs\/en\/wp-json\/wp\/v2\/product_tag?post=9000"}],"curies":[{"name":"wp","href":"https:\/\/api.w.org\/{rel}","templated":true}]}}